

{"id":17554,"date":"2022-01-28T22:09:06","date_gmt":"2022-01-28T19:09:06","guid":{"rendered":"https:\/\/www.letsmedi.com\/?page_id=17554"},"modified":"2022-10-11T17:14:54","modified_gmt":"2022-10-11T14:14:54","slug":"zahnkrone","status":"publish","type":"page","link":"https:\/\/www.letsmedi.com\/de\/zahnkrone\/","title":{"rendered":"Zahnkrone"},"content":{"rendered":"\t\t<div data-elementor-type=\"wp-page\" data-elementor-id=\"17554\" class=\"elementor elementor-17554 elementor-11616\">\n\t\t\t\t\t\t<section class=\"elementor-section elementor-top-section elementor-element elementor-element-3db5136 elementor-section-boxed elementor-section-height-default elementor-section-height-default\" data-id=\"3db5136\" data-element_type=\"section\">\n\t\t\t\t\t\t<div class=\"elementor-container elementor-column-gap-default\">\n\t\t\t\t\t<div class=\"elementor-column elementor-col-100 elementor-top-column elementor-element elementor-element-f1b981c\" data-id=\"f1b981c\" data-element_type=\"column\">\n\t\t\t<div class=\"elementor-widget-wrap elementor-element-populated\">\n\t\t\t\t\t\t<section class=\"elementor-section elementor-inner-section elementor-element elementor-element-117e85b elementor-section-boxed elementor-section-height-default elementor-section-height-default\" data-id=\"117e85b\" data-element_type=\"section\">\n\t\t\t\t\t\t<div class=\"elementor-container elementor-column-gap-default\">\n\t\t\t\t\t<div class=\"elementor-column elementor-col-100 elementor-inner-column elementor-element elementor-element-fda8f63\" data-id=\"fda8f63\" data-element_type=\"column\">\n\t\t\t<div class=\"elementor-widget-wrap elementor-element-populated\">\n\t\t\t\t\t\t<div class=\"elementor-element elementor-element-6cb69d0 elementor-widget elementor-widget-heading\" data-id=\"6cb69d0\" data-element_type=\"widget\" data-widget_type=\"heading.default\">\n\t\t\t\t<div class=\"elementor-widget-container\">\n\t\t\t<h2 class=\"elementor-heading-title elementor-size-default\">Was ist Zahnkrone?\n<\/h2>\t\t<\/div>\n\t\t\t\t<\/div>\n\t\t\t\t<div class=\"elementor-element elementor-element-2c5c417 elementor-widget elementor-widget-text-editor\" data-id=\"2c5c417\" data-element_type=\"widget\" data-widget_type=\"text-editor.default\">\n\t\t\t\t<div class=\"elementor-widget-container\">\n\t\t\t\t\t\t\t<p><span style=\"font-weight: 400;\">Kronenverblendung, auch Kronenprothese genannt, ist die Bezeichnung f\u00fcr die Verkleinerung eines Zahns, der im Laufe der Zeit kari\u00f6s wird und Materialverlust aufweist. Kronen sind Prothesen, die bei Fehlen einer geringen Anzahl von Z\u00e4hnen im Mund eingesetzt und im Labor durch Schneiden und Reduzieren der St\u00fctzz\u00e4hne vorbereitet und auf die Z\u00e4hne geklebt werden.\u00a0<\/span><\/p><p><span style=\"font-weight: 400;\">Prothesen sind wichtig, um den Mangel an Z\u00e4hnen im Mund zu erg\u00e4nzen und die Bed\u00fcrfnisse wie Kauen und Sprechen zu erf\u00fcllen. Eine Krone ist definiert als der Prozess der Reduzierung und Abdeckung von Z\u00e4hnen mit \u00fcberm\u00e4\u00dfigem Materialverlust aufgrund von Karies, Frakturen oder anderen Gr\u00fcnden. Kronenprothesen werden heute von vielen Zahn\u00e4rzten weit verbreitet.<\/span><\/p><p><span style=\"font-weight: 400;\">Die Kronenbeschichtung, die als Beseitigung von Zahndefiziten im Mund definiert ist, ist eine Behandlungsmethode, die angewendet wird, um verlorene visuelle und funktionelle Qualit\u00e4ten auf der Zahnoberfl\u00e4che wiederherzustellen, die der obere Teil des Zahns ist, der zuerst mit Lebensmitteln in Kontakt kommt .\u00a0<\/span><\/p><p><span style=\"font-weight: 400;\">Die Kronenprothese, die zu gesundheitlichen und \u00e4sthetischen Zwecken eingesetzt wird, hat eine sehr dauerhafte Struktur. Es ist auch best\u00e4ndig gegen hohen Bissdruck. Neben der Haltbarkeit der Kronenbeschichtung ergeben sich viele Vorteile f\u00fcr den Patienten. Crown Veneer verleiht dem Patienten ein nat\u00fcrliches Aussehen.\u00a0<\/span><\/p><p><span style=\"font-weight: 400;\">Kronenfurnier f\u00fcgt sich gut in das Zahnfleisch ein. Es verursacht auch keine allergischen Reaktionen. Die Biokompatibilit\u00e4t von Zirkonium mit intraoralen Geweben ist hoch. Es verursacht keinen Metallgeschmack und keinen Metallgeruch im Mund. Unterst\u00fctzt die Zahnfarbe und hinterl\u00e4sst kein dunkles Aussehen.\u00a0<\/span><\/p><p><span style=\"font-weight: 400;\">Diese Zahnbehandlung wird angewendet, um \u00e4sthetische Bedenken zu beseitigen und die Z\u00e4hne n\u00fctzlicher zu machen. Die Stellung der Z\u00e4hne, die an einen bestimmten Stand im Mund gew\u00f6hnt sind, kann \u00e4sthetisch und funktionell ver\u00e4ndert werden. Aber er gew\u00f6hnt sich nach kurzer Zeit an diese neue Situation.<\/span><\/p>\t\t\t\t\t\t<\/div>\n\t\t\t\t<\/div>\n\t\t\t\t\t<\/div>\n\t\t<\/div>\n\t\t\t\t\t<\/div>\n\t\t<\/section>\n\t\t\t\t<section class=\"elementor-section elementor-inner-section elementor-element elementor-element-d0d24f2 elementor-section-boxed elementor-section-height-default elementor-section-height-default\" data-id=\"d0d24f2\" data-element_type=\"section\">\n\t\t\t\t\t\t<div class=\"elementor-container elementor-column-gap-default\">\n\t\t\t\t\t<div class=\"elementor-column elementor-col-100 elementor-inner-column elementor-element elementor-element-dd2ce24\" data-id=\"dd2ce24\" data-element_type=\"column\">\n\t\t\t<div class=\"elementor-widget-wrap elementor-element-populated\">\n\t\t\t\t\t\t<div class=\"elementor-element elementor-element-3e7abc6 elementor-widget elementor-widget-heading\" data-id=\"3e7abc6\" data-element_type=\"widget\" data-widget_type=\"heading.default\">\n\t\t\t\t<div class=\"elementor-widget-container\">\n\t\t\t<h2 class=\"elementor-heading-title elementor-size-default\">Wie wird Zahnkrone gemacht?\n<\/h2>\t\t<\/div>\n\t\t\t\t<\/div>\n\t\t\t\t<div class=\"elementor-element elementor-element-2e875d9 elementor-widget elementor-widget-text-editor\" data-id=\"2e875d9\" data-element_type=\"widget\" data-widget_type=\"text-editor.default\">\n\t\t\t\t<div class=\"elementor-widget-container\">\n\t\t\t\t\t\t\t<p><span style=\"font-weight: 400;\">Beeintr\u00e4chtigungen der Kaufunktion zeigen sich in Problemen wie Brechen und Abrieb der sch\u00fctzenden Zahnschmelzschicht aufgrund verschiedener St\u00f6\u00dfe. In solchen F\u00e4llen werden k\u00fcnstliche Strukturen, die in bestimmten Formen erstellt wurden, an der Problemstelle angebracht, abh\u00e4ngig von den Messungen des Zahntechnikers.\u00a0<\/span><\/p><p><span style=\"font-weight: 400;\">Die k\u00fcnstlich hergestellte Krone wird in den Mund des Patienten eingesetzt und nach Einstellung der Kau- und Sprechfunktion dauerhaft verklebt. Um die Krone an der entsprechenden Stelle des Zahns zu befestigen, wird ein Schnitt am Zahn angebracht.\u00a0<\/span><\/p><p><span style=\"font-weight: 400;\">Durch die Inzision soll sichergestellt werden, dass die Z\u00e4hne, auf denen das Veneer hergestellt wird, und die nat\u00fcrlichen Z\u00e4hne die gleiche Struktur haben und die Nat\u00fcrlichkeit in Bezug auf das Aussehen erhalten bleiben. W\u00e4hrend des Eingriffs versp\u00fcrt der Patient keine Schmerzen oder Schmerzen.\u00a0<\/span><\/p><p><span style=\"font-weight: 400;\">Es sollte beachtet werden, dass der Patient keine Anzeichen von Beschwerden zeigte, w\u00e4hrend der Eingriff an dem lokal bet\u00e4ubten Bereich durchgef\u00fchrt wurde. Damit festsitzende Kronen lange halten und nat\u00fcrlich aussehen, sollte ein regelm\u00e4\u00dfiges B\u00fcrsten erreicht werden.\u00a0<\/span><\/p><p><span style=\"font-weight: 400;\">Wenn auf Mundhygiene und Pflege geachtet wird, bleiben sowohl Kronen als auch nat\u00fcrliche Z\u00e4hne erhalten und der Patient kann seine t\u00e4glichen Lebensfunktionen problemlos erf\u00fcllen. Dar\u00fcber hinaus sollten keine starken St\u00f6\u00dfe und Druck auf den Zahn ausge\u00fcbt werden, auf dem die Krone angebracht wird.\u00a0<\/span><\/p><p><span style=\"font-weight: 400;\">Es sollte darauf geachtet werden, keine Lebensmittel wie Waln\u00fcsse und Haseln\u00fcsse zu zerbrechen, die die Z\u00e4hne belasten. Schlie\u00dflich sollten Sie zur regelm\u00e4\u00dfigen Kontrolle zum Zahnarzt gehen und sich \u00fcber den Zustand der Kronen informieren.<\/span><\/p>\t\t\t\t\t\t<\/div>\n\t\t\t\t<\/div>\n\t\t\t\t\t<\/div>\n\t\t<\/div>\n\t\t\t\t\t<\/div>\n\t\t<\/section>\n\t\t\t\t<section class=\"elementor-section elementor-inner-section elementor-element elementor-element-d9e1059 elementor-section-boxed elementor-section-height-default elementor-section-height-default\" data-id=\"d9e1059\" data-element_type=\"section\">\n\t\t\t\t\t\t<div class=\"elementor-container elementor-column-gap-default\">\n\t\t\t\t\t<div class=\"elementor-column elementor-col-100 elementor-inner-column elementor-element elementor-element-f63bfe0\" data-id=\"f63bfe0\" data-element_type=\"column\">\n\t\t\t<div class=\"elementor-widget-wrap elementor-element-populated\">\n\t\t\t\t\t\t<div class=\"elementor-element elementor-element-2a5c320 elementor-widget elementor-widget-heading\" data-id=\"2a5c320\" data-element_type=\"widget\" data-widget_type=\"heading.default\">\n\t\t\t\t<div class=\"elementor-widget-container\">\n\t\t\t<h2 class=\"elementor-heading-title elementor-size-default\">Was sind die Risiken von Zahnkrone?\n<\/h2>\t\t<\/div>\n\t\t\t\t<\/div>\n\t\t\t\t<div class=\"elementor-element elementor-element-18322b8 elementor-widget elementor-widget-text-editor\" data-id=\"18322b8\" data-element_type=\"widget\" data-widget_type=\"text-editor.default\">\n\t\t\t\t<div class=\"elementor-widget-container\">\n\t\t\t\t\t\t\t<p><span style=\"font-weight: 400;\">Es ist nicht f\u00fcr den Einsatz in langen Zahnl\u00fccken geeignet (wenn die fehlende Zahl des Patienten nebeneinander und in gro\u00dfer Zahl steht). Sein Preis ist im Vergleich zu metallgest\u00fctzten Beschichtungen hoch. Zahnkrone aus Zirkonoxid ist eine Behandlung, bei der entschieden wird, ob die Mund- und Zahnstruktur unserer Patienten f\u00fcr die Veneer-Behandlung geeignet ist.\u00a0<\/span><\/p><p><span style=\"font-weight: 400;\">Wenn keine geeigneten Bedingungen f\u00fcr eine Zirkoniumzahnverblendung vorhanden sind, werden einige Restaurationen vor der Verblendung hergestellt. Nach der Zahnsanierung wird sichergestellt, dass die Z\u00e4hne f\u00fcr die Zirkon Beschichtung geeignet sind. Kann der Zirkon Beschichtung Schaden nehmen? Ihre Fragen sind ein Thema, das von Patienten erforscht wird.\u00a0<\/span><\/p><p><span style=\"font-weight: 400;\">Es gibt keine bekannten Zirkoniumbeschichtungssch\u00e4den in Zirkonium Zahn \u2013 sauren W\u00f6rterbuchrecherchen oder in den Recherchen von denen, die Zirkonium Beschichtung haben.<\/span><\/p><p><span style=\"font-weight: 400;\">Solange Beschichtungsbehandlungen von Fach\u00e4rzten durchgef\u00fchrt werden, treten keine unerw\u00fcnschten Ereignisse auf. Unabh\u00e4ngig von der Art der Veneerbehandlung sollte jedoch die Mund- und Zahnpflege nicht vernachl\u00e4ssigt und regelm\u00e4\u00dfig alle 6 Monate eine \u00e4rztliche Kontrolle durchgef\u00fchrt werden. Da in Zirkon Beschichtungen keine metallischen Substanzen enthalten sind, wird der Patient nicht gesch\u00e4digt.\u00a0<\/span><\/p><p><span style=\"font-weight: 400;\">Bei regelm\u00e4\u00dfiger Wartung und Kontrolle kann es viele Jahre verwendet werden. In der modernen Zahnheilkunde ist es heute m\u00f6glich, metallfreie Porzellan-Veneers technisch herzustellen. Dieses Wundermaterial ist Zirkonoxid. Zirkoniummaterial ist so langlebig und \u00e4sthetisch wie Diamant.\u00a0<\/span><\/p><p><span style=\"font-weight: 400;\">Zirkonoxid ist ein Hightech-Material, das gewebefreundlich genug ist, um in der Medizin eingesetzt zu werden, langlebig genug, um in der Weltraumtechnik eingesetzt zu werden, und \u00fcberlegen genug, um die \u00e4sthetischen Bed\u00fcrfnisse des Menschen zu erf\u00fcllen. Aufgrund seiner Lichtdurchl\u00e4ssigkeit treten bei Porzellanz\u00e4hnen Tiefe und Lebendigkeit auf.\u00a0<\/span><\/p><p><span style=\"font-weight: 400;\">Somit ist es m\u00f6glich, nat\u00fcrlichen Z\u00e4hnen ein Aussehen zu verleihen, das dem am n\u00e4chsten kommt. Da die W\u00e4rmed\u00e4mmung hervorragend ist, ist die Hitze-K\u00e4lte-Empfindlichkeit in den Z\u00e4hnen unter der Keramik minimal. Es ist ein leichtes Material. Es verursacht kein Schweregef\u00fchl im Mund. Seine biologische Vertr\u00e4glichkeit ist auf einem hohen Niveau.\u00a0<\/span><\/p><p><span style=\"font-weight: 400;\">Das Anhaften von Speiseresten und Mikroorganismen ist minimal. Daher verursacht es keinen schlechten Atem. Dar\u00fcber hinaus ist es stark genug, um 9 Tonnen Druck pro Quadratzentimeter standzuhalten.<\/span><\/p>\t\t\t\t\t\t<\/div>\n\t\t\t\t<\/div>\n\t\t\t\t\t<\/div>\n\t\t<\/div>\n\t\t\t\t\t<\/div>\n\t\t<\/section>\n\t\t\t\t<section class=\"elementor-section elementor-inner-section elementor-element elementor-element-7f683e9 elementor-section-boxed elementor-section-height-default elementor-section-height-default\" data-id=\"7f683e9\" data-element_type=\"section\">\n\t\t\t\t\t\t<div class=\"elementor-container elementor-column-gap-default\">\n\t\t\t\t\t<div class=\"elementor-column elementor-col-100 elementor-inner-column elementor-element elementor-element-1b757ef\" data-id=\"1b757ef\" data-element_type=\"column\">\n\t\t\t<div class=\"elementor-widget-wrap elementor-element-populated\">\n\t\t\t\t\t\t<div class=\"elementor-element elementor-element-c01c614 elementor-widget elementor-widget-heading\" data-id=\"c01c614\" data-element_type=\"widget\" data-widget_type=\"heading.default\">\n\t\t\t\t<div class=\"elementor-widget-container\">\n\t\t\t<h2 class=\"elementor-heading-title elementor-size-default\">Was ist nach Zahnkrone zu beachten?<\/h2>\t\t<\/div>\n\t\t\t\t<\/div>\n\t\t\t\t<div class=\"elementor-element elementor-element-f4c8b85 elementor-widget elementor-widget-text-editor\" data-id=\"f4c8b85\" data-element_type=\"widget\" data-widget_type=\"text-editor.default\">\n\t\t\t\t<div class=\"elementor-widget-container\">\n\t\t\t\t\t\t\t<p><span style=\"font-weight: 400;\">Achten Sie darauf, Ihre Zunge und Lippe nicht zu besch\u00e4digen, die nach einer Wurzelkanalbehandlung unter An\u00e4sthesie stehen. Achten Sie darauf, 2 Stunden nach der Behandlung nichts zu essen.&nbsp;<\/span><\/p>\n<p><span style=\"font-weight: 400;\">Wenn die Z\u00e4hne, die sich in der Heilungsphase befinden, gef\u00fcllt wurden, vermeiden Sie den Verzehr von Nahrungsmitteln, die schwere Sch\u00e4den verursachen, um die Heilungsgeschwindigkeit auf diesen Seiten zu erh\u00f6hen. Es ist normal und normal, nach der Anwendung leichte Schmerzen zu haben.&nbsp;<\/span><\/p>\n<p><span style=\"font-weight: 400;\">Wenn Ihr Arzt Ihnen ein Medikament gegen Ihre Schmerzen gegeben hat, vers\u00e4umen Sie nicht, es zu verwenden. Der Heilungsprozess kann von Person zu Person variieren. Wenn die platzierten provisorischen F\u00fcllungen abfallen, vers\u00e4umen Sie nicht, Ihren Arzt aufzusuchen.&nbsp;<\/span><\/p>\n<p><span style=\"font-weight: 400;\">Diese Erkrankungen des Zahnfleisches k\u00f6nnen ein schlechtes Bild beim Lachen oder Sprechen verursachen und das soziale Leben der Person negativ beeinflussen.&nbsp;<\/span><\/p><p><span style=\"font-weight: 400;\">Es ist eine Methode, die bei Patienten mit Zahnfleischr\u00fcckgang angewendet wird, wenn das Zahnfleisch beim L\u00e4cheln zu stark freigelegt ist, wenn die Farbe des Zahnfleischs dunkelrot geworden ist oder wenn es Flecken gibt, wenn die Zahnfleischebenen unterschiedlich gro\u00df sind.&nbsp;<\/span><\/p>\n<p><span style=\"font-weight: 400;\">Die notwendige Behandlungsmethode in der Zahnfleisch\u00e4sthetik wird nach \u00e4rztlicher Kontrolle entsprechend der Beschwerden der Person festgelegt. W\u00e4hrend der Behandlung, die durchgef\u00fchrt wird, um eine normgerechte Ausrichtung von Mund und Zahnsubstanz zu gew\u00e4hrleisten und \u00e4sthetischen Bedenken des Menschen ein Ende zu bereiten, kommen in der Regel Laseranwendungen zum Einsatz.<\/span><\/p>\n<p><span style=\"font-weight: 400;\">Metallgest\u00fctzte Porzellankronen (Veneers) bei Zahnverlust, Implantat basiertem Zahnersatz und \u00e4sthetischen Belangen werden seit vielen Jahren in der Zahnheilkunde eingesetzt. Einige Nachteile, die sich aus dem Metallger\u00fcst dieser Keramiken ergeben, konnten jedoch nicht beseitigt werden.&nbsp;<\/span><\/p>\n<p><span style=\"font-weight: 400;\">Aus diesem Grund ist die Notwendigkeit metallfreier Porzellankronen in den Vordergrund ger\u00fcckt. \u00c4sthetisch gew\u00fcnschte Ergebnisse k\u00f6nnen nicht erzielt werden, da metallhaltige Porzellane das Licht nicht zum Hintergrund durchlassen. Das Metall unter dem Porzellan verursacht ein k\u00fcnstliches Leuchten in Neonlichtern wie Kameras und Kamerablitzen.&nbsp;<\/span><\/p>\n<p><span style=\"font-weight: 400;\">Au\u00dferdem kann aufgrund der Reflexion des Metalls eine violette Linie auf der Gingiva auftreten; Obwohl selten, k\u00f6nnen allergische Reaktionen auftreten. Da das Metall zus\u00e4tzliche Dicke erzeugt, muss der Zahnarzt den zu verblendenden Zahn st\u00e4rker verkleinern. Zahn\u00e4rztliche und orale Behandlungen umfassen viele Methoden.&nbsp;<\/span><\/p>\n<p><span style=\"font-weight: 400;\">Verschiedene Behandlungen werden auch zur Vorbeugung von Zahnproblemen und f\u00fcr \u00e4sthetischere Z\u00e4hne angewendet. Die Implantation ist eine der Behandlungen, die von Zahn\u00e4rzten am h\u00e4ufigsten angewendet und von Menschen bevorzugt wird. Implantation ist im Grunde der Prozess des Einsetzens neuer Z\u00e4hne anstelle fehlender Z\u00e4hne.&nbsp;<\/span><\/p>\n<p><span style=\"font-weight: 400;\">Implantate sind definiert als kleine Schrauben, die bei fehlenden Z\u00e4hnen verwendet und an den Zahnwurzeln angebracht werden. Diese Behandlung wird durchgef\u00fchrt, ohne die anderen Z\u00e4hne zu besch\u00e4digen, und die fehlenden Z\u00e4hne des Patienten werden erg\u00e4nzt. Nach der Anwendung der Implantat Behandlung findet ein gewisser Heilungsprozess statt.&nbsp;<\/span><\/p>\n<p><span style=\"font-weight: 400;\">Im Rahmen dieses Prozesses ist der erste Heilungsbereich das Zahnfleisch und seine Umgebung. Nach Abschluss der Operation dauert es eine kurze Zeit, bis dieser Bereich verheilt ist. Es wird m\u00f6glich, die F\u00e4den in einem Zeitraum von 7-12 Tagen zu entfernen. Anschlie\u00dfend setzt sich der Heilungsprozess zwischen Knochen und Implantat fort.&nbsp;<\/span><\/p>\n<p><span style=\"font-weight: 400;\">Das Wichtigste im Heilungsprozess nach einer Implantat Behandlung ist der vollst\u00e4ndige Verbund zwischen Knochen und Implantat. Das Implantat wird in den Kieferknochen eingesetzt und dann mit dem Knochen verbunden. Wenn diese Integration nach Abschluss der Behandlung erreicht ist, ist der Heilungsprozess abgeschlossen.&nbsp;<\/span><\/p>\n<p><span style=\"font-weight: 400;\">Einmal integriert, h\u00e4lt das Implantat den Knochen sehr fest. Mit anderen Worten, es ist so haltbar wie derselbe Zahn. Dieser Prozess dauert in der Regel zwischen 3 und 6 Monaten.<\/span><\/p>\t\t\t\t\t\t<\/div>\n\t\t\t\t<\/div>\n\t\t\t\t\t<\/div>\n\t\t<\/div>\n\t\t\t\t\t<\/div>\n\t\t<\/section>\n\t\t\t\t<section class=\"elementor-section elementor-inner-section elementor-element elementor-element-b7a49d0 elementor-section-boxed elementor-section-height-default elementor-section-height-default\" data-id=\"b7a49d0\" data-element_type=\"section\">\n\t\t\t\t\t\t<div class=\"elementor-container elementor-column-gap-default\">\n\t\t\t\t\t<div class=\"elementor-column elementor-col-100 elementor-inner-column elementor-element elementor-element-743afc6\" data-id=\"743afc6\" data-element_type=\"column\">\n\t\t\t<div class=\"elementor-widget-wrap elementor-element-populated\">\n\t\t\t\t\t\t<div class=\"elementor-element elementor-element-2d3351b elementor-widget elementor-widget-heading\" data-id=\"2d3351b\" data-element_type=\"widget\" data-widget_type=\"heading.default\">\n\t\t\t\t<div class=\"elementor-widget-container\">\n\t\t\t<h2 class=\"elementor-heading-title elementor-size-default\">Was sind die Preise in Deutschland?\n<\/h2>\t\t<\/div>\n\t\t\t\t<\/div>\n\t\t\t\t<div class=\"elementor-element elementor-element-8a9585a elementor-widget elementor-widget-text-editor\" data-id=\"8a9585a\" data-element_type=\"widget\" data-widget_type=\"text-editor.default\">\n\t\t\t\t<div class=\"elementor-widget-container\">\n\t\t\t\t\t\t\t<p><span style=\"font-weight: 400;\">Eine Keramikkrone kann zwischen 700 und 1.000 Euro kosten. Die Preise f\u00fcr eine Vollkeramikkrone sind am h\u00f6chsten. Eine Metallkrone kostet bis zu 500 Euro, wenn es sich um eine Nichtedelmetallkrone handelt. Im Vergleich dazu kostet eine goldene Krone bis zu 700 Euro. Die Preise f\u00fcr Zirkoniumfurniere sind sehr unterschiedlich. Diese liegen zwischen 500 und 2.000 Euro.\u00a0<\/span><\/p><p><span style=\"font-weight: 400;\">Zahn\u00e4rzte passen diese Kronen detailliert an Ihre nat\u00fcrlichen Z\u00e4hne an, der Prozess ist viel komplizierter als bei anderen Kronen. Wackelt Ihre neue Krone oder bemerken Sie Risse im Material? Dann m\u00fcssen Sie die Krone ersetzen.\u00a0<\/span><\/p><p><span style=\"font-weight: 400;\">Ihr Zahnarzt tr\u00e4gt die Kosten f\u00fcr seine eigene schlechte zahn\u00e4rztliche Leistung oder f\u00fcr mangelhaftes Material. Wenn Sie das Material Ihrer Krone nicht vertragen, zahlt die gesetzliche Krankenkasse einen festen Zuschuss f\u00fcr Ihren Zahnersatz.<\/span><\/p>\t\t\t\t\t\t<\/div>\n\t\t\t\t<\/div>\n\t\t\t\t\t<\/div>\n\t\t<\/div>\n\t\t\t\t\t<\/div>\n\t\t<\/section>\n\t\t\t\t\t<\/div>\n\t\t<\/div>\n\t\t\t\t\t<\/div>\n\t\t<\/section>\n\t\t\t\t<\/div>\n\t\t","protected":false},"excerpt":{"rendered":"<p>Was ist Zahnkrone? Kronenverblendung, auch Kronenprothese genannt, ist die Bezeichnung f\u00fcr die Verkleinerung eines Zahns, der im Laufe der Zeit kari\u00f6s wird und Materialverlust aufweist. Kronen sind Prothesen, die bei Fehlen einer geringen Anzahl von Z\u00e4hnen im Mund eingesetzt und im Labor durch Schneiden und Reduzieren der St\u00fctzz\u00e4hne vorbereitet und auf die Z\u00e4hne geklebt werden.\u00a0 [&hellip;]<\/p>\n","protected":false},"author":4,"featured_media":0,"parent":0,"menu_order":0,"comment_status":"closed","ping_status":"closed","template":"","meta":{"inline_featured_image":false},"_links":{"self":[{"href":"https:\/\/www.letsmedi.com\/de\/wp-json\/wp\/v2\/pages\/17554"}],"collection":[{"href":"https:\/\/www.letsmedi.com\/de\/wp-json\/wp\/v2\/pages"}],"about":[{"href":"https:\/\/www.letsmedi.com\/de\/wp-json\/wp\/v2\/types\/page"}],"author":[{"embeddable":true,"href":"https:\/\/www.letsmedi.com\/de\/wp-json\/wp\/v2\/users\/4"}],"replies":[{"embeddable":true,"href":"https:\/\/www.letsmedi.com\/de\/wp-json\/wp\/v2\/comments?post=17554"}],"version-history":[{"count":5,"href":"https:\/\/www.letsmedi.com\/de\/wp-json\/wp\/v2\/pages\/17554\/revisions"}],"predecessor-version":[{"id":34214,"href":"https:\/\/www.letsmedi.com\/de\/wp-json\/wp\/v2\/pages\/17554\/revisions\/34214"}],"wp:attachment":[{"href":"https:\/\/www.letsmedi.com\/de\/wp-json\/wp\/v2\/media?parent=17554"}],"curies":[{"name":"wp","href":"https:\/\/api.w.org\/{rel}","templated":true}]}}