

{"id":25858,"date":"2022-08-03T14:40:58","date_gmt":"2022-08-03T11:40:58","guid":{"rendered":"https:\/\/www.letsmedi.com\/?page_id=25858"},"modified":"2022-08-17T17:51:37","modified_gmt":"2022-08-17T14:51:37","slug":"assoz-prof-dr-hasan-erdem","status":"publish","type":"page","link":"https:\/\/www.letsmedi.com\/de\/assoz-prof-dr-hasan-erdem\/","title":{"rendered":"Assoz. Prof. Dr. Hasan Erdem"},"content":{"rendered":"\t\t<div data-elementor-type=\"wp-page\" data-elementor-id=\"25858\" class=\"elementor elementor-25858 elementor-25857\">\n\t\t\t\t\t\t<section class=\"elementor-section elementor-top-section elementor-element elementor-element-8a18a78 elementor-section-boxed elementor-section-height-default elementor-section-height-default\" data-id=\"8a18a78\" data-element_type=\"section\">\n\t\t\t\t\t\t<div class=\"elementor-container elementor-column-gap-default\">\n\t\t\t\t\t<div class=\"elementor-column elementor-col-66 elementor-top-column elementor-element elementor-element-0f3d809\" data-id=\"0f3d809\" data-element_type=\"column\">\n\t\t\t<div class=\"elementor-widget-wrap elementor-element-populated\">\n\t\t\t\t\t\t<div class=\"elementor-element elementor-element-bf4a2f2 elementor-widget elementor-widget-spacer\" data-id=\"bf4a2f2\" data-element_type=\"widget\" data-widget_type=\"spacer.default\">\n\t\t\t\t<div class=\"elementor-widget-container\">\n\t\t\t\t\t<div class=\"elementor-spacer\">\n\t\t\t<div class=\"elementor-spacer-inner\"><\/div>\n\t\t<\/div>\n\t\t\t\t<\/div>\n\t\t\t\t<\/div>\n\t\t\t\t<div class=\"elementor-element elementor-element-a60dd71 elementor-widget elementor-widget-heading\" data-id=\"a60dd71\" data-element_type=\"widget\" data-widget_type=\"heading.default\">\n\t\t\t\t<div class=\"elementor-widget-container\">\n\t\t\t<h3 class=\"elementor-heading-title elementor-size-default\">Facharzt f\u00fcr Allgemeinchirurgie<\/h3>\t\t<\/div>\n\t\t\t\t<\/div>\n\t\t\t\t<div class=\"elementor-element elementor-element-df30c2b elementor-widget-divider--view-line elementor-widget elementor-widget-divider\" data-id=\"df30c2b\" data-element_type=\"widget\" data-widget_type=\"divider.default\">\n\t\t\t\t<div class=\"elementor-widget-container\">\n\t\t\t\t\t<div class=\"elementor-divider\">\n\t\t\t<span class=\"elementor-divider-separator\">\n\t\t\t\t\t\t<\/span>\n\t\t<\/div>\n\t\t\t\t<\/div>\n\t\t\t\t<\/div>\n\t\t\t\t<div class=\"elementor-element elementor-element-9335f1a elementor-widget elementor-widget-button\" data-id=\"9335f1a\" data-element_type=\"widget\" data-widget_type=\"button.default\">\n\t\t\t\t<div class=\"elementor-widget-container\">\n\t\t\t\t\t<div class=\"elementor-button-wrapper\">\n\t\t\t<a class=\"elementor-button elementor-button-link elementor-size-sm\" href=\"https:\/\/scholar.google.com.tr\/citations?user=7gZWYlsAAAAJ&#038;hl=tr\" target=\"_blank\" rel=\"noopener\">\n\t\t\t\t\t\t<span class=\"elementor-button-content-wrapper\">\n\t\t\t\t\t\t<span class=\"elementor-button-text\">Wissenschaftliche Ver\u00f6ffentlichungen<\/span>\n\t\t<\/span>\n\t\t\t\t\t<\/a>\n\t\t<\/div>\n\t\t\t\t<\/div>\n\t\t\t\t<\/div>\n\t\t\t\t\t<\/div>\n\t\t<\/div>\n\t\t\t\t<div class=\"elementor-column elementor-col-33 elementor-top-column elementor-element elementor-element-d243c2a\" data-id=\"d243c2a\" data-element_type=\"column\">\n\t\t\t<div class=\"elementor-widget-wrap elementor-element-populated\">\n\t\t\t\t\t\t<div class=\"elementor-element elementor-element-bf3b0d5 elementor-widget elementor-widget-image\" data-id=\"bf3b0d5\" data-element_type=\"widget\" data-widget_type=\"image.default\">\n\t\t\t\t<div class=\"elementor-widget-container\">\n\t\t\t\t\t\t\t\t\t\t\t\t\t<img fetchpriority=\"high\" width=\"450\" height=\"300\" src=\"https:\/\/www.letsmedi.com\/wp-content\/uploads\/2022\/07\/hekimler-450x300-1-1.jpg\" class=\"attachment-full size-full wp-image-27260\" alt=\"\" srcset=\"https:\/\/www.letsmedi.com\/wp-content\/uploads\/2022\/07\/hekimler-450x300-1-1.jpg 450w, https:\/\/www.letsmedi.com\/wp-content\/uploads\/2022\/07\/hekimler-450x300-1-1-300x200.jpg 300w\" sizes=\"(max-width: 450px) 100vw, 450px\" \/>\t\t\t\t\t\t\t\t\t\t\t\t\t<\/div>\n\t\t\t\t<\/div>\n\t\t\t\t\t<\/div>\n\t\t<\/div>\n\t\t\t\t\t<\/div>\n\t\t<\/section>\n\t\t\t\t<section class=\"elementor-section elementor-top-section elementor-element elementor-element-a215cd7 elementor-section-boxed elementor-section-height-default elementor-section-height-default\" data-id=\"a215cd7\" data-element_type=\"section\">\n\t\t\t\t\t\t<div class=\"elementor-container elementor-column-gap-default\">\n\t\t\t\t\t<div class=\"elementor-column elementor-col-66 elementor-top-column elementor-element elementor-element-42004a0\" data-id=\"42004a0\" data-element_type=\"column\">\n\t\t\t<div class=\"elementor-widget-wrap elementor-element-populated\">\n\t\t\t\t\t\t<div class=\"elementor-element elementor-element-7923dcc elementor-widget elementor-widget-heading\" data-id=\"7923dcc\" data-element_type=\"widget\" data-widget_type=\"heading.default\">\n\t\t\t\t<div class=\"elementor-widget-container\">\n\t\t\t<h6 class=\"elementor-heading-title elementor-size-default\">Interessengebiete<\/h6>\t\t<\/div>\n\t\t\t\t<\/div>\n\t\t\t\t<div class=\"elementor-element elementor-element-122906d elementor-widget elementor-widget-text-editor\" data-id=\"122906d\" data-element_type=\"widget\" data-widget_type=\"text-editor.default\">\n\t\t\t\t<div class=\"elementor-widget-container\">\n\t\t\t\t\t\t\t<p><span style=\"font-weight: 400;\"><span style=\"color: #33cccc;\">\u00a0 \u2605<\/span> Adipositas- und Diabeteschirurgie (Stoffwechselchirurgie)<\/span><\/p><p><span style=\"font-weight: 400;\"><span style=\"color: #33cccc;\">\u00a0 \u2605<\/span> Endokrine Chirurgie (Schilddr\u00fcse, Nebenschilddr\u00fcse, Nebenschilddr\u00fcse)<\/span><\/p><p><span style=\"font-weight: 400;\"><span style=\"color: #33cccc;\">\u00a0 \u2605<\/span> Brustchirurgie (Brusterkrankungen, Brustkrebs)<\/span><\/p><p><span style=\"font-weight: 400;\"><span style=\"color: #33cccc;\">\u00a0 \u2605<\/span> Magen-Darm-Erkrankungen und Krebschirurgie (Magen, Reflux, Dickdarm, Rektum)<\/span><\/p><p><span style=\"font-weight: 400;\"><span style=\"color: #33cccc;\">\u00a0 \u2605<\/span> Leber- und Gallenblasenerkrankungen<\/span><\/p><p><span style=\"font-weight: 400;\"><span style=\"color: #33cccc;\">\u00a0 \u2605<\/span> Hernien (Leistenbruch, Nabelbruch, chirurgischer Bruch)<\/span><\/p><p><span style=\"font-weight: 400;\"><span style=\"color: #33cccc;\">\u00a0 \u2605<\/span> Eingewachsenes Haar, Sinus pilonidalis<\/span><\/p><p><span style=\"font-weight: 400;\"><span style=\"color: #33cccc;\">\u00a0 \u2605<\/span> Leber- und Gallenblasenerkrankungen<\/span><\/p><p><span style=\"font-weight: 400;\"><span style=\"color: #33cccc;\">\u00a0 \u2605<\/span> Proktologie (H\u00e4morrhoiden, Analfissur, Analfistel, Perianalabszess)<\/span><\/p><p><span style=\"font-weight: 400;\"><span style=\"color: #33cccc;\">\u00a0 \u2605<\/span> Endoskopie (Gastroskopie, Koloskopie, Rektoskopie)<\/span><\/p>\t\t\t\t\t\t<\/div>\n\t\t\t\t<\/div>\n\t\t\t\t<div class=\"elementor-element elementor-element-0b4aa21 elementor-widget elementor-widget-heading\" data-id=\"0b4aa21\" data-element_type=\"widget\" data-widget_type=\"heading.default\">\n\t\t\t\t<div class=\"elementor-widget-container\">\n\t\t\t<h6 class=\"elementor-heading-title elementor-size-default\">Bildung und Expertise<\/h6>\t\t<\/div>\n\t\t\t\t<\/div>\n\t\t\t\t<div class=\"elementor-element elementor-element-548db2b elementor-widget elementor-widget-text-editor\" data-id=\"548db2b\" data-element_type=\"widget\" data-widget_type=\"text-editor.default\">\n\t\t\t\t<div class=\"elementor-widget-container\">\n\t\t\t\t\t\t\t<p><span style=\"font-weight: 400;\"><span style=\"color: #33cccc;\">\u00a0 \u2605<\/span> Istanbul Bezmialem Valide Sultan Vakif Gureba Ausbildungs- und Forschungskrankenhaus 2003-2008<\/span><\/p><p><span style=\"font-weight: 400;\"><span style=\"color: #33cccc;\">\u00a0 \u2605<\/span> \u00dcmraniye Ausbildungs- und Forschungskrankenhaus Klinik f\u00fcr Allgemeinchirurgie 2008 \u2013 2009<\/span><\/p><p><span style=\"font-weight: 400;\"><span style=\"color: #33cccc;\">\u00a0 \u2605<\/span> Allgemeine Chirurgieklinik des Elbistan State Hospital 2010 \u2013 2011<\/span><\/p><p><span style=\"font-weight: 400;\"><span style=\"color: #33cccc;\">\u00a0 \u2605<\/span> Adana Numune Ausbildungs- und Forschungskrankenhaus Klinik f\u00fcr Allgemeinchirurgie 2011 \u2013 2016<\/span><\/p><p><span style=\"font-weight: 400;\"><span style=\"color: #33cccc;\">\u00a0 \u2605<\/span> Privatpraxis 2016<\/span><\/p>\t\t\t\t\t\t<\/div>\n\t\t\t\t<\/div>\n\t\t\t\t<div class=\"elementor-element elementor-element-bb8fe16 elementor-widget elementor-widget-heading\" data-id=\"bb8fe16\" data-element_type=\"widget\" data-widget_type=\"heading.default\">\n\t\t\t\t<div class=\"elementor-widget-container\">\n\t\t\t<h6 class=\"elementor-heading-title elementor-size-default\">Professionelle Mitgliedschaft<\/h6>\t\t<\/div>\n\t\t\t\t<\/div>\n\t\t\t\t<div class=\"elementor-element elementor-element-bcc7bd4 elementor-widget elementor-widget-text-editor\" data-id=\"bcc7bd4\" data-element_type=\"widget\" data-widget_type=\"text-editor.default\">\n\t\t\t\t<div class=\"elementor-widget-container\">\n\t\t\t\t\t\t\t<p><span style=\"font-weight: 400;\"><span style=\"color: #33cccc;\">\u00a0 \u2605<\/span> Verband der t\u00fcrkischen Chirurgie<\/span><\/p><p><span style=\"font-weight: 400;\"><span style=\"color: #33cccc;\">\u00a0 \u2605<\/span> Vereinigung f\u00fcr endoskopische laparoskopische Chirurgie<\/span><\/p><p><span style=\"font-weight: 400;\"><span style=\"color: #33cccc;\">\u00a0 \u2605<\/span> Gesellschaft f\u00fcr endokrine Chirurgie<\/span><\/p><p><span style=\"font-weight: 400;\"><span style=\"color: #33cccc;\">\u00a0 \u2605<\/span> T\u00fcrkische Vereinigung f\u00fcr Dickdarm- und Mastdarmchirurgie<\/span><\/p>\t\t\t\t\t\t<\/div>\n\t\t\t\t<\/div>\n\t\t\t\t<div class=\"elementor-element elementor-element-058c75f elementor-widget elementor-widget-heading\" data-id=\"058c75f\" data-element_type=\"widget\" data-widget_type=\"heading.default\">\n\t\t\t\t<div class=\"elementor-widget-container\">\n\t\t\t<h6 class=\"elementor-heading-title elementor-size-default\">Kurse und Zertifikate\n<\/h6>\t\t<\/div>\n\t\t\t\t<\/div>\n\t\t\t\t<div class=\"elementor-element elementor-element-88e9df5 elementor-widget elementor-widget-text-editor\" data-id=\"88e9df5\" data-element_type=\"widget\" data-widget_type=\"text-editor.default\">\n\t\t\t\t<div class=\"elementor-widget-container\">\n\t\t\t\t\t\t\t<p><span style=\"font-weight: 400;\"><span style=\"color: #33cccc;\">\u00a0 \u2605<\/span> Anorektaler Physiologiekurs, Medizinische Fakult\u00e4t Istanbul, Abteilung f\u00fcr Allgemeine Chirurgie, 2011<\/span><\/p><p><span style=\"font-weight: 400;\"><span style=\"color: #33cccc;\">\u00a0 \u2605<\/span> Kurs f\u00fcr laparoskopische Dickdarm-Rektum-Chirurgie, Dezember 2011, \u0130zmir<\/span><\/p><p><span style=\"font-weight: 400;\"><span style=\"color: #33cccc;\">\u00a0 \u2605<\/span> Masterclass-Kurs Laparoskopische Morbide Adipositas-Chirurgie, Elancourt, Frankreich, Dezember 2012<\/span><\/p><p><span style=\"font-weight: 400;\"><span style=\"color: #33cccc;\">\u00a0 \u2605<\/span> Laparoskopischer Ventralhernien-Masterclass-Kurs, Elancourt, Frankreich, Januar 2013<\/span><\/p><p><span style=\"font-weight: 400;\"><span style=\"color: #33cccc;\">\u00a0 \u2605<\/span> Laparoskopischer Adipositas-Chirurgie-Hands-On-Kurs, Sages 2013 Meeting, Baltimore, USA 2013<\/span><\/p>\t\t\t\t\t\t<\/div>\n\t\t\t\t<\/div>\n\t\t\t\t\t<\/div>\n\t\t<\/div>\n\t\t\t\t<div class=\"elementor-column elementor-col-33 elementor-top-column elementor-element elementor-element-f0d74e2\" data-id=\"f0d74e2\" data-element_type=\"column\">\n\t\t\t<div class=\"elementor-widget-wrap elementor-element-populated\">\n\t\t\t\t\t\t<div class=\"elementor-element elementor-element-3a38134 elementor-widget elementor-widget-image\" data-id=\"3a38134\" data-element_type=\"widget\" data-widget_type=\"image.default\">\n\t\t\t\t<div class=\"elementor-widget-container\">\n\t\t\t\t\t\t\t\t\t\t\t\t\t<img width=\"448\" height=\"130\" src=\"https:\/\/www.letsmedi.com\/wp-content\/uploads\/2022\/07\/Drhe-Sablon.png\" class=\"attachment-large size-large wp-image-27267\" alt=\"\" srcset=\"https:\/\/www.letsmedi.com\/wp-content\/uploads\/2022\/07\/Drhe-Sablon.png 448w, https:\/\/www.letsmedi.com\/wp-content\/uploads\/2022\/07\/Drhe-Sablon-300x87.png 300w\" sizes=\"(max-width: 448px) 100vw, 448px\" \/>\t\t\t\t\t\t\t\t\t\t\t\t\t<\/div>\n\t\t\t\t<\/div>\n\t\t\t\t<div class=\"elementor-element elementor-element-194f6e6 elementor-widget elementor-widget-icon-box\" data-id=\"194f6e6\" data-element_type=\"widget\" data-widget_type=\"icon-box.default\">\n\t\t\t\t<div class=\"elementor-widget-container\">\n\t\t\t\t\t<div class=\"elementor-icon-box-wrapper\">\n\t\t\t\t\t\t<div class=\"elementor-icon-box-content\">\n\t\t\t\t<h3 class=\"elementor-icon-box-title\">\n\t\t\t\t\t<span  >\n\t\t\t\t\t\tBeruf\t\t\t\t\t<\/span>\n\t\t\t\t<\/h3>\n\t\t\t\t\t\t\t\t\t<p class=\"elementor-icon-box-description\">\n\t\t\t\t\t\tFacharzt f\u00fcr Allgemeinchirurgie\t\t\t\t\t<\/p>\n\t\t\t\t\t\t\t<\/div>\n\t\t<\/div>\n\t\t\t\t<\/div>\n\t\t\t\t<\/div>\n\t\t\t\t<div class=\"elementor-element elementor-element-0c00c36 elementor-widget elementor-widget-icon-box\" data-id=\"0c00c36\" data-element_type=\"widget\" data-widget_type=\"icon-box.default\">\n\t\t\t\t<div class=\"elementor-widget-container\">\n\t\t\t\t\t<div class=\"elementor-icon-box-wrapper\">\n\t\t\t\t\t\t<div class=\"elementor-icon-box-content\">\n\t\t\t\t<h3 class=\"elementor-icon-box-title\">\n\t\t\t\t\t<span  >\n\t\t\t\t\t\tSprachen\t\t\t\t\t<\/span>\n\t\t\t\t<\/h3>\n\t\t\t\t\t\t\t\t\t<p class=\"elementor-icon-box-description\">\n\t\t\t\t\t\tEnglisch T\u00fcrkisch\n\t\t\t\t\t<\/p>\n\t\t\t\t\t\t\t<\/div>\n\t\t<\/div>\n\t\t\t\t<\/div>\n\t\t\t\t<\/div>\n\t\t\t\t<div class=\"elementor-element elementor-element-237ca0f elementor-widget elementor-widget-image-carousel\" data-id=\"237ca0f\" data-element_type=\"widget\" data-settings=\"{&quot;slides_to_show&quot;:&quot;2&quot;,&quot;navigation&quot;:&quot;none&quot;,&quot;pause_on_hover&quot;:&quot;no&quot;,&quot;autoplay_speed&quot;:1500,&quot;speed&quot;:600,&quot;slides_to_show_mobile&quot;:&quot;2&quot;,&quot;autoplay&quot;:&quot;yes&quot;,&quot;pause_on_interaction&quot;:&quot;yes&quot;,&quot;infinite&quot;:&quot;yes&quot;}\" data-widget_type=\"image-carousel.default\">\n\t\t\t\t<div class=\"elementor-widget-container\">\n\t\t\t\t\t<div class=\"elementor-image-carousel-wrapper swiper-container\" dir=\"ltr\">\n\t\t\t<div class=\"elementor-image-carousel swiper-wrapper\" aria-live=\"off\">\n\t\t\t\t\t\t\t\t<div class=\"swiper-slide\" role=\"group\" aria-roledescription=\"slide\" aria-label=\"1 von 9\"><figure class=\"swiper-slide-inner\"><img class=\"swiper-slide-image\" src=\"https:\/\/www.letsmedi.com\/wp-content\/uploads\/2022\/07\/1.jpg\" alt=\"1\" \/><\/figure><\/div><div class=\"swiper-slide\" role=\"group\" aria-roledescription=\"slide\" aria-label=\"2 von 9\"><figure class=\"swiper-slide-inner\"><img class=\"swiper-slide-image\" src=\"https:\/\/www.letsmedi.com\/wp-content\/uploads\/2022\/07\/4.jpg\" alt=\"4\" \/><\/figure><\/div><div class=\"swiper-slide\" role=\"group\" aria-roledescription=\"slide\" aria-label=\"3 von 9\"><figure class=\"swiper-slide-inner\"><img class=\"swiper-slide-image\" src=\"https:\/\/www.letsmedi.com\/wp-content\/uploads\/2022\/07\/5.jpg\" alt=\"5\" \/><\/figure><\/div><div class=\"swiper-slide\" role=\"group\" aria-roledescription=\"slide\" aria-label=\"4 von 9\"><figure class=\"swiper-slide-inner\"><img class=\"swiper-slide-image\" src=\"https:\/\/www.letsmedi.com\/wp-content\/uploads\/2022\/07\/6.jpg\" alt=\"6\" \/><\/figure><\/div><div class=\"swiper-slide\" role=\"group\" aria-roledescription=\"slide\" aria-label=\"5 von 9\"><figure class=\"swiper-slide-inner\"><img class=\"swiper-slide-image\" src=\"https:\/\/www.letsmedi.com\/wp-content\/uploads\/2022\/07\/7.jpg\" alt=\"7\" \/><\/figure><\/div><div class=\"swiper-slide\" role=\"group\" aria-roledescription=\"slide\" aria-label=\"6 von 9\"><figure class=\"swiper-slide-inner\"><img class=\"swiper-slide-image\" src=\"https:\/\/www.letsmedi.com\/wp-content\/uploads\/2022\/07\/8.jpg\" alt=\"8\" \/><\/figure><\/div><div class=\"swiper-slide\" role=\"group\" aria-roledescription=\"slide\" aria-label=\"7 von 9\"><figure class=\"swiper-slide-inner\"><img class=\"swiper-slide-image\" src=\"https:\/\/www.letsmedi.com\/wp-content\/uploads\/2022\/07\/9.jpg\" alt=\"9\" \/><\/figure><\/div><div class=\"swiper-slide\" role=\"group\" aria-roledescription=\"slide\" aria-label=\"8 von 9\"><figure class=\"swiper-slide-inner\"><img class=\"swiper-slide-image\" src=\"https:\/\/www.letsmedi.com\/wp-content\/uploads\/2022\/07\/10.jpg\" alt=\"10\" \/><\/figure><\/div><div class=\"swiper-slide\" role=\"group\" aria-roledescription=\"slide\" aria-label=\"9 von 9\"><figure class=\"swiper-slide-inner\"><img class=\"swiper-slide-image\" src=\"https:\/\/www.letsmedi.com\/wp-content\/uploads\/2022\/07\/11.jpg\" alt=\"11\" \/><\/figure><\/div>\t\t\t<\/div>\n\t\t\t\t\t\t\t\n\t\t\t\t\t\t\t\t\t<\/div>\n\t\t\t\t<\/div>\n\t\t\t\t<\/div>\n\t\t\t\t\t<\/div>\n\t\t<\/div>\n\t\t\t\t\t<\/div>\n\t\t<\/section>\n\t\t\t\t<\/div>\n\t\t","protected":false},"excerpt":{"rendered":"<p>Facharzt f\u00fcr Allgemeinchirurgie Wissenschaftliche Ver\u00f6ffentlichungen Interessengebiete \u2605 Adipositas- und Diabeteschirurgie (Stoffwechselchirurgie) \u2605 Endokrine Chirurgie (Schilddr\u00fcse, Nebenschilddr\u00fcse, Nebenschilddr\u00fcse) \u2605 Brustchirurgie (Brusterkrankungen, Brustkrebs) \u2605 Magen-Darm-Erkrankungen und Krebschirurgie (Magen, Reflux, Dickdarm, Rektum) \u2605 Leber- und Gallenblasenerkrankungen \u2605 Hernien (Leistenbruch, Nabelbruch, chirurgischer Bruch) \u2605 Eingewachsenes Haar, Sinus pilonidalis \u2605 Leber- und Gallenblasenerkrankungen \u2605 Proktologie (H\u00e4morrhoiden, Analfissur, Analfistel, Perianalabszess) \u2605 [&hellip;]<\/p>\n","protected":false},"author":147,"featured_media":0,"parent":0,"menu_order":0,"comment_status":"open","ping_status":"closed","template":"","meta":{"inline_featured_image":false},"_links":{"self":[{"href":"https:\/\/www.letsmedi.com\/de\/wp-json\/wp\/v2\/pages\/25858"}],"collection":[{"href":"https:\/\/www.letsmedi.com\/de\/wp-json\/wp\/v2\/pages"}],"about":[{"href":"https:\/\/www.letsmedi.com\/de\/wp-json\/wp\/v2\/types\/page"}],"author":[{"embeddable":true,"href":"https:\/\/www.letsmedi.com\/de\/wp-json\/wp\/v2\/users\/147"}],"replies":[{"embeddable":true,"href":"https:\/\/www.letsmedi.com\/de\/wp-json\/wp\/v2\/comments?post=25858"}],"version-history":[{"count":5,"href":"https:\/\/www.letsmedi.com\/de\/wp-json\/wp\/v2\/pages\/25858\/revisions"}],"predecessor-version":[{"id":28773,"href":"https:\/\/www.letsmedi.com\/de\/wp-json\/wp\/v2\/pages\/25858\/revisions\/28773"}],"wp:attachment":[{"href":"https:\/\/www.letsmedi.com\/de\/wp-json\/wp\/v2\/media?parent=25858"}],"curies":[{"name":"wp","href":"https:\/\/api.w.org\/{rel}","templated":true}]}}