

{"id":27494,"date":"2022-08-03T14:40:56","date_gmt":"2022-08-03T11:40:56","guid":{"rendered":"https:\/\/www.letsmedi.com\/?page_id=27494"},"modified":"2022-08-17T17:20:43","modified_gmt":"2022-08-17T14:20:43","slug":"assoz-dr-abdullah-sisik","status":"publish","type":"page","link":"https:\/\/www.letsmedi.com\/de\/assoz-dr-abdullah-sisik\/","title":{"rendered":"Assoz. Dr. Abdullah \u015ei\u015fik"},"content":{"rendered":"\t\t<div data-elementor-type=\"wp-page\" data-elementor-id=\"27494\" class=\"elementor elementor-27494 elementor-27493\">\n\t\t\t\t\t\t<section class=\"elementor-section elementor-top-section elementor-element elementor-element-8a18a78 elementor-section-boxed elementor-section-height-default elementor-section-height-default\" data-id=\"8a18a78\" data-element_type=\"section\">\n\t\t\t\t\t\t<div class=\"elementor-container elementor-column-gap-default\">\n\t\t\t\t\t<div class=\"elementor-column elementor-col-66 elementor-top-column elementor-element elementor-element-0f3d809\" data-id=\"0f3d809\" data-element_type=\"column\">\n\t\t\t<div class=\"elementor-widget-wrap elementor-element-populated\">\n\t\t\t\t\t\t<div class=\"elementor-element elementor-element-bf4a2f2 elementor-widget elementor-widget-spacer\" data-id=\"bf4a2f2\" data-element_type=\"widget\" data-widget_type=\"spacer.default\">\n\t\t\t\t<div class=\"elementor-widget-container\">\n\t\t\t\t\t<div class=\"elementor-spacer\">\n\t\t\t<div class=\"elementor-spacer-inner\"><\/div>\n\t\t<\/div>\n\t\t\t\t<\/div>\n\t\t\t\t<\/div>\n\t\t\t\t<div class=\"elementor-element elementor-element-a60dd71 elementor-widget elementor-widget-heading\" data-id=\"a60dd71\" data-element_type=\"widget\" data-widget_type=\"heading.default\">\n\t\t\t\t<div class=\"elementor-widget-container\">\n\t\t\t<h3 class=\"elementor-heading-title elementor-size-default\">Facharzt f\u00fcr Allgemeinchirurgie<\/h3>\t\t<\/div>\n\t\t\t\t<\/div>\n\t\t\t\t<div class=\"elementor-element elementor-element-df30c2b elementor-widget-divider--view-line elementor-widget elementor-widget-divider\" data-id=\"df30c2b\" data-element_type=\"widget\" data-widget_type=\"divider.default\">\n\t\t\t\t<div class=\"elementor-widget-container\">\n\t\t\t\t\t<div class=\"elementor-divider\">\n\t\t\t<span class=\"elementor-divider-separator\">\n\t\t\t\t\t\t<\/span>\n\t\t<\/div>\n\t\t\t\t<\/div>\n\t\t\t\t<\/div>\n\t\t\t\t<div class=\"elementor-element elementor-element-9335f1a elementor-widget elementor-widget-button\" data-id=\"9335f1a\" data-element_type=\"widget\" data-widget_type=\"button.default\">\n\t\t\t\t<div class=\"elementor-widget-container\">\n\t\t\t\t\t<div class=\"elementor-button-wrapper\">\n\t\t\t<a class=\"elementor-button elementor-size-sm\" role=\"button\">\n\t\t\t\t\t\t<span class=\"elementor-button-content-wrapper\">\n\t\t\t\t\t\t<span class=\"elementor-button-text\">Wissenschaftliche Ver\u00f6ffentlichungen<\/span>\n\t\t<\/span>\n\t\t\t\t\t<\/a>\n\t\t<\/div>\n\t\t\t\t<\/div>\n\t\t\t\t<\/div>\n\t\t\t\t\t<\/div>\n\t\t<\/div>\n\t\t\t\t<div class=\"elementor-column elementor-col-33 elementor-top-column elementor-element elementor-element-d243c2a\" data-id=\"d243c2a\" data-element_type=\"column\">\n\t\t\t<div class=\"elementor-widget-wrap elementor-element-populated\">\n\t\t\t\t\t\t<div class=\"elementor-element elementor-element-bf3b0d5 elementor-widget elementor-widget-image\" data-id=\"bf3b0d5\" data-element_type=\"widget\" data-widget_type=\"image.default\">\n\t\t\t\t<div class=\"elementor-widget-container\">\n\t\t\t\t\t\t\t\t\t\t\t\t\t<img fetchpriority=\"high\" width=\"450\" height=\"300\" src=\"https:\/\/www.letsmedi.com\/wp-content\/uploads\/2022\/07\/hekimler-450x300-4.jpg\" class=\"attachment-full size-full wp-image-27596\" alt=\"\" srcset=\"https:\/\/www.letsmedi.com\/wp-content\/uploads\/2022\/07\/hekimler-450x300-4.jpg 450w, https:\/\/www.letsmedi.com\/wp-content\/uploads\/2022\/07\/hekimler-450x300-4-300x200.jpg 300w\" sizes=\"(max-width: 450px) 100vw, 450px\" \/>\t\t\t\t\t\t\t\t\t\t\t\t\t<\/div>\n\t\t\t\t<\/div>\n\t\t\t\t\t<\/div>\n\t\t<\/div>\n\t\t\t\t\t<\/div>\n\t\t<\/section>\n\t\t\t\t<section class=\"elementor-section elementor-top-section elementor-element elementor-element-a215cd7 elementor-section-boxed elementor-section-height-default elementor-section-height-default\" data-id=\"a215cd7\" data-element_type=\"section\">\n\t\t\t\t\t\t<div class=\"elementor-container elementor-column-gap-default\">\n\t\t\t\t\t<div class=\"elementor-column elementor-col-66 elementor-top-column elementor-element elementor-element-42004a0\" data-id=\"42004a0\" data-element_type=\"column\">\n\t\t\t<div class=\"elementor-widget-wrap elementor-element-populated\">\n\t\t\t\t\t\t<div class=\"elementor-element elementor-element-7923dcc elementor-widget elementor-widget-heading\" data-id=\"7923dcc\" data-element_type=\"widget\" data-widget_type=\"heading.default\">\n\t\t\t\t<div class=\"elementor-widget-container\">\n\t\t\t<h6 class=\"elementor-heading-title elementor-size-default\">Interessengebiete<\/h6>\t\t<\/div>\n\t\t\t\t<\/div>\n\t\t\t\t<div class=\"elementor-element elementor-element-122906d elementor-widget elementor-widget-text-editor\" data-id=\"122906d\" data-element_type=\"widget\" data-widget_type=\"text-editor.default\">\n\t\t\t\t<div class=\"elementor-widget-container\">\n\t\t\t\t\t\t\t<div><p><span style=\"color: #33cccc;\">\u2605<\/span> Adipositas-Chirurgie<\/p><p><span style=\"color: #33cccc;\">\u2605<\/span> Schlauchmagenchirurgie<\/p><p><span style=\"color: #33cccc;\">\u2605<\/span> Magenballon<\/p><p><span style=\"color: #33cccc;\">\u2605<\/span> Stoffwechselchirurgie<\/p><p><span style=\"color: #33cccc;\">\u2605<\/span> Sleeve Gastrektomie<\/p><p><span style=\"color: #33cccc;\">\u2605<\/span> Magenbypass<\/p><p><span style=\"color: #33cccc;\">\u2605<\/span> Darmkrebs<\/p><\/div>\t\t\t\t\t\t<\/div>\n\t\t\t\t<\/div>\n\t\t\t\t<div class=\"elementor-element elementor-element-0b4aa21 elementor-widget elementor-widget-heading\" data-id=\"0b4aa21\" data-element_type=\"widget\" data-widget_type=\"heading.default\">\n\t\t\t\t<div class=\"elementor-widget-container\">\n\t\t\t<h6 class=\"elementor-heading-title elementor-size-default\">Bildung und Expertise<\/h6>\t\t<\/div>\n\t\t\t\t<\/div>\n\t\t\t\t<div class=\"elementor-element elementor-element-548db2b elementor-widget elementor-widget-text-editor\" data-id=\"548db2b\" data-element_type=\"widget\" data-widget_type=\"text-editor.default\">\n\t\t\t\t<div class=\"elementor-widget-container\">\n\t\t\t\t\t\t\t<div><p><span style=\"color: #33cccc;\">\u2605<\/span> Medizinische Fakult\u00e4t der Universit\u00e4t Ege 2001-2007<\/p><p><span style=\"color: #33cccc;\">\u2605<\/span> \u00dcmraniye Ausbildungs- und Forschungskrankenhaus (Istanbul) 2007 \u2013 2013<\/p><p><span style=\"color: #33cccc;\">\u2605<\/span> Landeskrankenhaus Bing\u00f6l 2013 \u2013 2014<\/p><p><span style=\"color: #33cccc;\">\u2605<\/span> Universit\u00e4t f\u00fcr Gesundheitswissenschaften, \u00dcmraniye Ausbildungs- und Forschungskrankenhaus 2014<\/p><p><span style=\"color: #33cccc;\">\u2605<\/span> Universit\u00e4t f\u00fcr Gesundheitswissenschaften, \u00dcmraniye Ausbildungs- und Forschungskrankenhaus 2019<\/p><\/div>\t\t\t\t\t\t<\/div>\n\t\t\t\t<\/div>\n\t\t\t\t<div class=\"elementor-element elementor-element-bb8fe16 elementor-widget elementor-widget-heading\" data-id=\"bb8fe16\" data-element_type=\"widget\" data-widget_type=\"heading.default\">\n\t\t\t\t<div class=\"elementor-widget-container\">\n\t\t\t<h6 class=\"elementor-heading-title elementor-size-default\">Professionelle Mitgliedschaft<\/h6>\t\t<\/div>\n\t\t\t\t<\/div>\n\t\t\t\t<div class=\"elementor-element elementor-element-bcc7bd4 elementor-widget elementor-widget-text-editor\" data-id=\"bcc7bd4\" data-element_type=\"widget\" data-widget_type=\"text-editor.default\">\n\t\t\t\t<div class=\"elementor-widget-container\">\n\t\t\t\t\t\t\t<div><p><span style=\"color: #33cccc;\">\u2605<\/span> Verband der t\u00fcrkischen Chirurgie<\/p><p><span style=\"color: #33cccc;\">\u2605<\/span> Vereinigung f\u00fcr endoskopische laparoskopische Chirurgie<\/p><p><span style=\"color: #33cccc;\">\u2605<\/span> Gesellschaft f\u00fcr endokrine Chirurgie<\/p><p><span style=\"color: #33cccc;\">\u2605<\/span> T\u00fcrkische Vereinigung f\u00fcr Dickdarm- und Rektalchirurgie<\/p><\/div>\t\t\t\t\t\t<\/div>\n\t\t\t\t<\/div>\n\t\t\t\t<div class=\"elementor-element elementor-element-058c75f elementor-widget elementor-widget-heading\" data-id=\"058c75f\" data-element_type=\"widget\" data-widget_type=\"heading.default\">\n\t\t\t\t<div class=\"elementor-widget-container\">\n\t\t\t<h6 class=\"elementor-heading-title elementor-size-default\">Kurse und Zertifikate<\/h6>\t\t<\/div>\n\t\t\t\t<\/div>\n\t\t\t\t<div class=\"elementor-element elementor-element-88e9df5 elementor-widget elementor-widget-text-editor\" data-id=\"88e9df5\" data-element_type=\"widget\" data-widget_type=\"text-editor.default\">\n\t\t\t\t<div class=\"elementor-widget-container\">\n\t\t\t\t\t\t\t<div><p><span style=\"color: #33cccc;\">\u2605<\/span> Anorektaler Physiologiekurs, Medizinische Fakult\u00e4t Istanbul, Abteilung f\u00fcr Allgemeine Chirurgie, 2011<\/p><p><span style=\"color: #33cccc;\">\u2605<\/span> Kurs f\u00fcr laparoskopische Dickdarm-Rektum-Chirurgie, Dezember 2011, \u0130zmir<\/p><p><span style=\"color: #33cccc;\">\u2605<\/span> Masterclass-Kurs Laparoskopische Morbide Adipositas-Chirurgie, Elancourt, Frankreich, Dezember 2012<\/p><p><span style=\"color: #33cccc;\">\u2605<\/span> Laparoskopischer Ventralhernien-Masterclass-Kurs, Elancourt, Frankreich, Januar 2013<\/p><p><span style=\"color: #33cccc;\">\u2605<\/span> Laparoskopischer Adipositas-Chirurgie-Hands-On-Kurs, Sages 2013 Meeting, Baltimore, USA 2013<\/p><\/div>\t\t\t\t\t\t<\/div>\n\t\t\t\t<\/div>\n\t\t\t\t\t<\/div>\n\t\t<\/div>\n\t\t\t\t<div class=\"elementor-column elementor-col-33 elementor-top-column elementor-element elementor-element-f0d74e2\" data-id=\"f0d74e2\" data-element_type=\"column\">\n\t\t\t<div class=\"elementor-widget-wrap elementor-element-populated\">\n\t\t\t\t\t\t<div class=\"elementor-element elementor-element-3a38134 elementor-widget elementor-widget-image\" data-id=\"3a38134\" data-element_type=\"widget\" data-widget_type=\"image.default\">\n\t\t\t\t<div class=\"elementor-widget-container\">\n\t\t\t\t\t\t\t\t\t\t\t\t\t<img width=\"448\" height=\"130\" src=\"https:\/\/www.letsmedi.com\/wp-content\/uploads\/2022\/07\/Drhe-Sablon.png\" class=\"attachment-large size-large wp-image-27267\" alt=\"\" srcset=\"https:\/\/www.letsmedi.com\/wp-content\/uploads\/2022\/07\/Drhe-Sablon.png 448w, https:\/\/www.letsmedi.com\/wp-content\/uploads\/2022\/07\/Drhe-Sablon-300x87.png 300w\" sizes=\"(max-width: 448px) 100vw, 448px\" \/>\t\t\t\t\t\t\t\t\t\t\t\t\t<\/div>\n\t\t\t\t<\/div>\n\t\t\t\t<div class=\"elementor-element elementor-element-194f6e6 elementor-widget elementor-widget-icon-box\" data-id=\"194f6e6\" data-element_type=\"widget\" data-widget_type=\"icon-box.default\">\n\t\t\t\t<div class=\"elementor-widget-container\">\n\t\t\t\t\t<div class=\"elementor-icon-box-wrapper\">\n\t\t\t\t\t\t<div class=\"elementor-icon-box-content\">\n\t\t\t\t<h3 class=\"elementor-icon-box-title\">\n\t\t\t\t\t<span  >\n\t\t\t\t\t\tBeruf\t\t\t\t\t<\/span>\n\t\t\t\t<\/h3>\n\t\t\t\t\t\t\t\t\t<p class=\"elementor-icon-box-description\">\n\t\t\t\t\t\tFacharzt f\u00fcr Allgemeinchirurgie\t\t\t\t\t<\/p>\n\t\t\t\t\t\t\t<\/div>\n\t\t<\/div>\n\t\t\t\t<\/div>\n\t\t\t\t<\/div>\n\t\t\t\t<div class=\"elementor-element elementor-element-0c00c36 elementor-widget elementor-widget-icon-box\" data-id=\"0c00c36\" data-element_type=\"widget\" data-widget_type=\"icon-box.default\">\n\t\t\t\t<div class=\"elementor-widget-container\">\n\t\t\t\t\t<div class=\"elementor-icon-box-wrapper\">\n\t\t\t\t\t\t<div class=\"elementor-icon-box-content\">\n\t\t\t\t<h3 class=\"elementor-icon-box-title\">\n\t\t\t\t\t<span  >\n\t\t\t\t\t\tSprachen\t\t\t\t\t<\/span>\n\t\t\t\t<\/h3>\n\t\t\t\t\t\t\t\t\t<p class=\"elementor-icon-box-description\">\n\t\t\t\t\t\tEnglisch, T\u00fcrkisch\n\t\t\t\t\t<\/p>\n\t\t\t\t\t\t\t<\/div>\n\t\t<\/div>\n\t\t\t\t<\/div>\n\t\t\t\t<\/div>\n\t\t\t\t<div class=\"elementor-element elementor-element-237ca0f elementor-widget elementor-widget-image-carousel\" data-id=\"237ca0f\" data-element_type=\"widget\" data-settings=\"{&quot;slides_to_show&quot;:&quot;2&quot;,&quot;navigation&quot;:&quot;none&quot;,&quot;pause_on_hover&quot;:&quot;no&quot;,&quot;autoplay_speed&quot;:1500,&quot;speed&quot;:600,&quot;slides_to_show_mobile&quot;:&quot;2&quot;,&quot;autoplay&quot;:&quot;yes&quot;,&quot;pause_on_interaction&quot;:&quot;yes&quot;,&quot;infinite&quot;:&quot;yes&quot;}\" data-widget_type=\"image-carousel.default\">\n\t\t\t\t<div class=\"elementor-widget-container\">\n\t\t\t\t\t<div class=\"elementor-image-carousel-wrapper swiper-container\" dir=\"ltr\">\n\t\t\t<div class=\"elementor-image-carousel swiper-wrapper\" aria-live=\"off\">\n\t\t\t\t\t\t\t\t<div class=\"swiper-slide\" role=\"group\" aria-roledescription=\"slide\" aria-label=\"1 von 8\"><figure class=\"swiper-slide-inner\"><img class=\"swiper-slide-image\" src=\"https:\/\/www.letsmedi.com\/wp-content\/uploads\/2022\/07\/A.8.jpg\" alt=\"A.8\" \/><\/figure><\/div><div class=\"swiper-slide\" role=\"group\" aria-roledescription=\"slide\" aria-label=\"2 von 8\"><figure class=\"swiper-slide-inner\"><img class=\"swiper-slide-image\" src=\"https:\/\/www.letsmedi.com\/wp-content\/uploads\/2022\/07\/A.9.jpg\" alt=\"A.9\" \/><\/figure><\/div><div class=\"swiper-slide\" role=\"group\" aria-roledescription=\"slide\" aria-label=\"3 von 8\"><figure class=\"swiper-slide-inner\"><img class=\"swiper-slide-image\" src=\"https:\/\/www.letsmedi.com\/wp-content\/uploads\/2022\/07\/A.6.jpg\" alt=\"A.6\" \/><\/figure><\/div><div class=\"swiper-slide\" role=\"group\" aria-roledescription=\"slide\" aria-label=\"4 von 8\"><figure class=\"swiper-slide-inner\"><img class=\"swiper-slide-image\" src=\"https:\/\/www.letsmedi.com\/wp-content\/uploads\/2022\/07\/A.7.jpg\" alt=\"A.7\" \/><\/figure><\/div><div class=\"swiper-slide\" role=\"group\" aria-roledescription=\"slide\" aria-label=\"5 von 8\"><figure class=\"swiper-slide-inner\"><img class=\"swiper-slide-image\" src=\"https:\/\/www.letsmedi.com\/wp-content\/uploads\/2022\/07\/A.5.jpg\" alt=\"A.5\" \/><\/figure><\/div><div class=\"swiper-slide\" role=\"group\" aria-roledescription=\"slide\" aria-label=\"6 von 8\"><figure class=\"swiper-slide-inner\"><img class=\"swiper-slide-image\" src=\"https:\/\/www.letsmedi.com\/wp-content\/uploads\/2022\/07\/A.4.jpg\" alt=\"A.4\" \/><\/figure><\/div><div class=\"swiper-slide\" role=\"group\" aria-roledescription=\"slide\" aria-label=\"7 von 8\"><figure class=\"swiper-slide-inner\"><img class=\"swiper-slide-image\" src=\"https:\/\/www.letsmedi.com\/wp-content\/uploads\/2022\/07\/A.1.jpg\" alt=\"A.1\" \/><\/figure><\/div><div class=\"swiper-slide\" role=\"group\" aria-roledescription=\"slide\" aria-label=\"8 von 8\"><figure class=\"swiper-slide-inner\"><img class=\"swiper-slide-image\" src=\"https:\/\/www.letsmedi.com\/wp-content\/uploads\/2022\/07\/A.3.jpg\" alt=\"A.3\" \/><\/figure><\/div>\t\t\t<\/div>\n\t\t\t\t\t\t\t\n\t\t\t\t\t\t\t\t\t<\/div>\n\t\t\t\t<\/div>\n\t\t\t\t<\/div>\n\t\t\t\t\t<\/div>\n\t\t<\/div>\n\t\t\t\t\t<\/div>\n\t\t<\/section>\n\t\t\t\t<\/div>\n\t\t","protected":false},"excerpt":{"rendered":"<p>Facharzt f\u00fcr Allgemeinchirurgie Wissenschaftliche Ver\u00f6ffentlichungen Interessengebiete \u2605 Adipositas-Chirurgie \u2605 Schlauchmagenchirurgie \u2605 Magenballon \u2605 Stoffwechselchirurgie \u2605 Sleeve Gastrektomie \u2605 Magenbypass \u2605 Darmkrebs Bildung und Expertise \u2605 Medizinische Fakult\u00e4t der Universit\u00e4t Ege 2001-2007 \u2605 \u00dcmraniye Ausbildungs- und Forschungskrankenhaus (Istanbul) 2007 \u2013 2013 \u2605 Landeskrankenhaus Bing\u00f6l 2013 \u2013 2014 \u2605 Universit\u00e4t f\u00fcr Gesundheitswissenschaften, \u00dcmraniye Ausbildungs- und Forschungskrankenhaus 2014 [&hellip;]<\/p>\n","protected":false},"author":147,"featured_media":0,"parent":0,"menu_order":0,"comment_status":"open","ping_status":"closed","template":"","meta":{"inline_featured_image":false},"_links":{"self":[{"href":"https:\/\/www.letsmedi.com\/de\/wp-json\/wp\/v2\/pages\/27494"}],"collection":[{"href":"https:\/\/www.letsmedi.com\/de\/wp-json\/wp\/v2\/pages"}],"about":[{"href":"https:\/\/www.letsmedi.com\/de\/wp-json\/wp\/v2\/types\/page"}],"author":[{"embeddable":true,"href":"https:\/\/www.letsmedi.com\/de\/wp-json\/wp\/v2\/users\/147"}],"replies":[{"embeddable":true,"href":"https:\/\/www.letsmedi.com\/de\/wp-json\/wp\/v2\/comments?post=27494"}],"version-history":[{"count":5,"href":"https:\/\/www.letsmedi.com\/de\/wp-json\/wp\/v2\/pages\/27494\/revisions"}],"predecessor-version":[{"id":28676,"href":"https:\/\/www.letsmedi.com\/de\/wp-json\/wp\/v2\/pages\/27494\/revisions\/28676"}],"wp:attachment":[{"href":"https:\/\/www.letsmedi.com\/de\/wp-json\/wp\/v2\/media?parent=27494"}],"curies":[{"name":"wp","href":"https:\/\/api.w.org\/{rel}","templated":true}]}}