

{"id":27615,"date":"2022-08-05T11:07:44","date_gmt":"2022-08-05T08:07:44","guid":{"rendered":"https:\/\/www.letsmedi.com\/?page_id=27615"},"modified":"2022-08-05T11:07:46","modified_gmt":"2022-08-05T08:07:46","slug":"dt-hatice-sahin","status":"publish","type":"page","link":"https:\/\/www.letsmedi.com\/de\/dt-hatice-sahin\/","title":{"rendered":"Dt. Hatice \u015eahin"},"content":{"rendered":"\t\t<div data-elementor-type=\"wp-page\" data-elementor-id=\"27615\" class=\"elementor elementor-27615 elementor-27614\">\n\t\t\t\t\t\t<section class=\"elementor-section elementor-top-section elementor-element elementor-element-8a18a78 elementor-section-boxed elementor-section-height-default elementor-section-height-default\" data-id=\"8a18a78\" data-element_type=\"section\">\n\t\t\t\t\t\t<div class=\"elementor-container elementor-column-gap-default\">\n\t\t\t\t\t<div class=\"elementor-column elementor-col-66 elementor-top-column elementor-element elementor-element-0f3d809\" data-id=\"0f3d809\" data-element_type=\"column\">\n\t\t\t<div class=\"elementor-widget-wrap elementor-element-populated\">\n\t\t\t\t\t\t<div class=\"elementor-element elementor-element-bf4a2f2 elementor-widget elementor-widget-spacer\" data-id=\"bf4a2f2\" data-element_type=\"widget\" data-widget_type=\"spacer.default\">\n\t\t\t\t<div class=\"elementor-widget-container\">\n\t\t\t\t\t<div class=\"elementor-spacer\">\n\t\t\t<div class=\"elementor-spacer-inner\"><\/div>\n\t\t<\/div>\n\t\t\t\t<\/div>\n\t\t\t\t<\/div>\n\t\t\t\t<div class=\"elementor-element elementor-element-a60dd71 elementor-widget elementor-widget-heading\" data-id=\"a60dd71\" data-element_type=\"widget\" data-widget_type=\"heading.default\">\n\t\t\t\t<div class=\"elementor-widget-container\">\n\t\t\t<h3 class=\"elementor-heading-title elementor-size-default\">Zahnarzt<\/h3>\t\t<\/div>\n\t\t\t\t<\/div>\n\t\t\t\t<div class=\"elementor-element elementor-element-df30c2b elementor-widget-divider--view-line elementor-widget elementor-widget-divider\" data-id=\"df30c2b\" data-element_type=\"widget\" data-widget_type=\"divider.default\">\n\t\t\t\t<div class=\"elementor-widget-container\">\n\t\t\t\t\t<div class=\"elementor-divider\">\n\t\t\t<span class=\"elementor-divider-separator\">\n\t\t\t\t\t\t<\/span>\n\t\t<\/div>\n\t\t\t\t<\/div>\n\t\t\t\t<\/div>\n\t\t\t\t<div class=\"elementor-element elementor-element-9335f1a elementor-widget elementor-widget-button\" data-id=\"9335f1a\" data-element_type=\"widget\" data-widget_type=\"button.default\">\n\t\t\t\t<div class=\"elementor-widget-container\">\n\t\t\t\t\t<div class=\"elementor-button-wrapper\">\n\t\t\t<a class=\"elementor-button elementor-size-sm\" role=\"button\">\n\t\t\t\t\t\t<span class=\"elementor-button-content-wrapper\">\n\t\t\t\t\t\t<span class=\"elementor-button-text\">Wissenschaftliche Ver\u00f6ffentlichungen<\/span>\n\t\t<\/span>\n\t\t\t\t\t<\/a>\n\t\t<\/div>\n\t\t\t\t<\/div>\n\t\t\t\t<\/div>\n\t\t\t\t\t<\/div>\n\t\t<\/div>\n\t\t\t\t<div class=\"elementor-column elementor-col-33 elementor-top-column elementor-element elementor-element-d243c2a\" data-id=\"d243c2a\" data-element_type=\"column\">\n\t\t\t<div class=\"elementor-widget-wrap elementor-element-populated\">\n\t\t\t\t\t\t<div class=\"elementor-element elementor-element-bf3b0d5 elementor-widget elementor-widget-image\" data-id=\"bf3b0d5\" data-element_type=\"widget\" data-widget_type=\"image.default\">\n\t\t\t\t<div class=\"elementor-widget-container\">\n\t\t\t\t\t\t\t\t\t\t\t\t\t<img fetchpriority=\"high\" width=\"450\" height=\"300\" src=\"https:\/\/www.letsmedi.com\/wp-content\/uploads\/2022\/07\/hekimler-450x300-5.jpg\" class=\"attachment-full size-full wp-image-27619\" alt=\"\" srcset=\"https:\/\/www.letsmedi.com\/wp-content\/uploads\/2022\/07\/hekimler-450x300-5.jpg 450w, https:\/\/www.letsmedi.com\/wp-content\/uploads\/2022\/07\/hekimler-450x300-5-300x200.jpg 300w\" sizes=\"(max-width: 450px) 100vw, 450px\" \/>\t\t\t\t\t\t\t\t\t\t\t\t\t<\/div>\n\t\t\t\t<\/div>\n\t\t\t\t\t<\/div>\n\t\t<\/div>\n\t\t\t\t\t<\/div>\n\t\t<\/section>\n\t\t\t\t<section class=\"elementor-section elementor-top-section elementor-element elementor-element-a215cd7 elementor-section-boxed elementor-section-height-default elementor-section-height-default\" data-id=\"a215cd7\" data-element_type=\"section\">\n\t\t\t\t\t\t<div class=\"elementor-container elementor-column-gap-default\">\n\t\t\t\t\t<div class=\"elementor-column elementor-col-66 elementor-top-column elementor-element elementor-element-42004a0\" data-id=\"42004a0\" data-element_type=\"column\">\n\t\t\t<div class=\"elementor-widget-wrap elementor-element-populated\">\n\t\t\t\t\t\t<div class=\"elementor-element elementor-element-7923dcc elementor-widget elementor-widget-heading\" data-id=\"7923dcc\" data-element_type=\"widget\" data-widget_type=\"heading.default\">\n\t\t\t\t<div class=\"elementor-widget-container\">\n\t\t\t<h6 class=\"elementor-heading-title elementor-size-default\">\u00dcber sie<\/h6>\t\t<\/div>\n\t\t\t\t<\/div>\n\t\t\t\t<div class=\"elementor-element elementor-element-122906d elementor-widget elementor-widget-text-editor\" data-id=\"122906d\" data-element_type=\"widget\" data-widget_type=\"text-editor.default\">\n\t\t\t\t<div class=\"elementor-widget-container\">\n\t\t\t\t\t\t\t<p><span style=\"font-weight: 400;\">Die Zahn\u00e4rztin Hatice \u015eahin wurde 1996 in Istanbul geboren. 2012 nahm sie an Englischkursen in Kanada teil. <\/span><span style=\"font-weight: 400;\">Im selben Jahr erhielt sie eine Ehrenurkunde der International School of Dentistry der Istanbul Medipol University.<\/span><\/p>\t\t\t\t\t\t<\/div>\n\t\t\t\t<\/div>\n\t\t\t\t<div class=\"elementor-element elementor-element-154431e elementor-widget elementor-widget-heading\" data-id=\"154431e\" data-element_type=\"widget\" data-widget_type=\"heading.default\">\n\t\t\t\t<div class=\"elementor-widget-container\">\n\t\t\t<h6 class=\"elementor-heading-title elementor-size-default\">Professionelle Mitgliedschaft<\/h6>\t\t<\/div>\n\t\t\t\t<\/div>\n\t\t\t\t<div class=\"elementor-element elementor-element-2db281d elementor-widget elementor-widget-text-editor\" data-id=\"2db281d\" data-element_type=\"widget\" data-widget_type=\"text-editor.default\">\n\t\t\t\t<div class=\"elementor-widget-container\">\n\t\t\t\t\t\t\t<p><span style=\"font-weight: 400;\"><span style=\"color: #33cccc;\">\u2605 <\/span>Zahn\u00e4rztekammer der T\u00fcrkei<\/span><\/p><p><span style=\"font-weight: 400;\"><span style=\"color: #33cccc;\">\u2605 <\/span>Verband der t\u00fcrkischen Akademie f\u00fcr \u00e4sthetische Zahnheilkunde<\/span><\/p>\t\t\t\t\t\t<\/div>\n\t\t\t\t<\/div>\n\t\t\t\t<div class=\"elementor-element elementor-element-0b4aa21 elementor-widget elementor-widget-heading\" data-id=\"0b4aa21\" data-element_type=\"widget\" data-widget_type=\"heading.default\">\n\t\t\t\t<div class=\"elementor-widget-container\">\n\t\t\t<h6 class=\"elementor-heading-title elementor-size-default\">Seminare und Kongresse<\/h6>\t\t<\/div>\n\t\t\t\t<\/div>\n\t\t\t\t<div class=\"elementor-element elementor-element-548db2b elementor-widget elementor-widget-text-editor\" data-id=\"548db2b\" data-element_type=\"widget\" data-widget_type=\"text-editor.default\">\n\t\t\t\t<div class=\"elementor-widget-container\">\n\t\t\t\t\t\t\t<p><span style=\"font-weight: 400;\"><span style=\"color: #33cccc;\">\u2605 <\/span><\/span>TDB 24. Internationaler Dentalkongress, Ankara<br \/>Expodental 2018\u2032<br \/><span style=\"font-weight: 400;\"><span style=\"color: #33cccc;\">\u2605 <\/span><\/span>22. Internationaler Kongress f\u00fcr \u00c4sthetische Zahnheilkunde 2018\u201c<br \/><span style=\"font-weight: 400;\"><span style=\"color: #33cccc;\">\u2605 <\/span><\/span>TDA 25. Internationaler Dentalkongress, Istanbul<br \/><span style=\"font-weight: 400;\"><span style=\"color: #33cccc;\">\u2605 <\/span><\/span>Messe Expodental 2019<br \/><span style=\"font-weight: 400;\"><span style=\"color: #33cccc;\">\u2605 <\/span><\/span>Greatist 2019 International Congress of Dentistry<\/p>\t\t\t\t\t\t<\/div>\n\t\t\t\t<\/div>\n\t\t\t\t<div class=\"elementor-element elementor-element-bb8fe16 elementor-widget elementor-widget-heading\" data-id=\"bb8fe16\" data-element_type=\"widget\" data-widget_type=\"heading.default\">\n\t\t\t\t<div class=\"elementor-widget-container\">\n\t\t\t<h6 class=\"elementor-heading-title elementor-size-default\">Zertifikate<\/h6>\t\t<\/div>\n\t\t\t\t<\/div>\n\t\t\t\t<div class=\"elementor-element elementor-element-bcc7bd4 elementor-widget elementor-widget-text-editor\" data-id=\"bcc7bd4\" data-element_type=\"widget\" data-widget_type=\"text-editor.default\">\n\t\t\t\t<div class=\"elementor-widget-container\">\n\t\t\t\t\t\t\t<p><span style=\"font-weight: 400;\"><span style=\"color: #33cccc;\">\u2605 <\/span>TDB: Haltbarkeit von Composite-Restaurationen im Frontzahnbereich im Vergleich zu Keramik<\/span><\/p><p><span style=\"font-weight: 400;\"><span style=\"color: #33cccc;\">\u2605 <\/span>Istanbul Dental Academy: Laminatverblendung Hands-On \/ Istanbul<\/span><\/p><p><span style=\"font-weight: 400;\"><span style=\"color: #33cccc;\">\u2605 <\/span>Istanbul Dental Academy: Kompositrestaurationen im Frontzahnbereich: Diastema, Fraktur, Laminat \/ Istanbul<\/span><\/p><p><span style=\"font-weight: 400;\"><span style=\"color: #33cccc;\">\u2605 <\/span>Moderne Materialalternativen f\u00fcr vollkeramische Restaurationen<\/span><\/p><p><span style=\"font-weight: 400;\"><span style=\"color: #33cccc;\">\u2605 <\/span>Pr\u00e4paration, Materialauswahl und Befestigungstechniken f\u00fcr Laminatveneers<\/span><\/p><p><span style=\"font-weight: 400;\"><span style=\"color: #33cccc;\">\u2605 <\/span>TDA-Digitale Intraoralscanner<\/span><\/p>\t\t\t\t\t\t<\/div>\n\t\t\t\t<\/div>\n\t\t\t\t\t<\/div>\n\t\t<\/div>\n\t\t\t\t<div class=\"elementor-column elementor-col-33 elementor-top-column elementor-element elementor-element-f0d74e2\" data-id=\"f0d74e2\" data-element_type=\"column\">\n\t\t\t<div class=\"elementor-widget-wrap elementor-element-populated\">\n\t\t\t\t\t\t<div class=\"elementor-element elementor-element-3a38134 elementor-widget elementor-widget-image\" data-id=\"3a38134\" data-element_type=\"widget\" data-widget_type=\"image.default\">\n\t\t\t\t<div class=\"elementor-widget-container\">\n\t\t\t\t\t\t\t\t\t\t\t\t\t<img width=\"448\" height=\"130\" src=\"https:\/\/www.letsmedi.com\/wp-content\/uploads\/2022\/07\/Drhe-Sablon.png\" class=\"attachment-large size-large wp-image-27267\" alt=\"\" srcset=\"https:\/\/www.letsmedi.com\/wp-content\/uploads\/2022\/07\/Drhe-Sablon.png 448w, https:\/\/www.letsmedi.com\/wp-content\/uploads\/2022\/07\/Drhe-Sablon-300x87.png 300w\" sizes=\"(max-width: 448px) 100vw, 448px\" \/>\t\t\t\t\t\t\t\t\t\t\t\t\t<\/div>\n\t\t\t\t<\/div>\n\t\t\t\t<div class=\"elementor-element elementor-element-194f6e6 elementor-widget elementor-widget-icon-box\" data-id=\"194f6e6\" data-element_type=\"widget\" data-widget_type=\"icon-box.default\">\n\t\t\t\t<div class=\"elementor-widget-container\">\n\t\t\t\t\t<div class=\"elementor-icon-box-wrapper\">\n\t\t\t\t\t\t<div class=\"elementor-icon-box-content\">\n\t\t\t\t<h3 class=\"elementor-icon-box-title\">\n\t\t\t\t\t<span  >\n\t\t\t\t\t\tBeruf\t\t\t\t\t<\/span>\n\t\t\t\t<\/h3>\n\t\t\t\t\t\t\t\t\t<p class=\"elementor-icon-box-description\">\n\t\t\t\t\t\tZahnarzt\t\t\t\t\t<\/p>\n\t\t\t\t\t\t\t<\/div>\n\t\t<\/div>\n\t\t\t\t<\/div>\n\t\t\t\t<\/div>\n\t\t\t\t<div class=\"elementor-element elementor-element-0c00c36 elementor-widget elementor-widget-icon-box\" data-id=\"0c00c36\" data-element_type=\"widget\" data-widget_type=\"icon-box.default\">\n\t\t\t\t<div class=\"elementor-widget-container\">\n\t\t\t\t\t<div class=\"elementor-icon-box-wrapper\">\n\t\t\t\t\t\t<div class=\"elementor-icon-box-content\">\n\t\t\t\t<h3 class=\"elementor-icon-box-title\">\n\t\t\t\t\t<span  >\n\t\t\t\t\t\tSprachen\t\t\t\t\t<\/span>\n\t\t\t\t<\/h3>\n\t\t\t\t\t\t\t\t\t<p class=\"elementor-icon-box-description\">\n\t\t\t\t\t\tEnglisch, T\u00fcrkisch\n\t\t\t\t\t<\/p>\n\t\t\t\t\t\t\t<\/div>\n\t\t<\/div>\n\t\t\t\t<\/div>\n\t\t\t\t<\/div>\n\t\t\t\t\t<\/div>\n\t\t<\/div>\n\t\t\t\t\t<\/div>\n\t\t<\/section>\n\t\t\t\t<\/div>\n\t\t","protected":false},"excerpt":{"rendered":"<p>Zahnarzt Wissenschaftliche Ver\u00f6ffentlichungen \u00dcber sie Die Zahn\u00e4rztin Hatice \u015eahin wurde 1996 in Istanbul geboren. 2012 nahm sie an Englischkursen in Kanada teil. Im selben Jahr erhielt sie eine Ehrenurkunde der International School of Dentistry der Istanbul Medipol University. Professionelle Mitgliedschaft \u2605 Zahn\u00e4rztekammer der T\u00fcrkei \u2605 Verband der t\u00fcrkischen Akademie f\u00fcr \u00e4sthetische Zahnheilkunde Seminare und Kongresse [&hellip;]<\/p>\n","protected":false},"author":147,"featured_media":0,"parent":0,"menu_order":0,"comment_status":"open","ping_status":"closed","template":"","meta":{"inline_featured_image":false},"_links":{"self":[{"href":"https:\/\/www.letsmedi.com\/de\/wp-json\/wp\/v2\/pages\/27615"}],"collection":[{"href":"https:\/\/www.letsmedi.com\/de\/wp-json\/wp\/v2\/pages"}],"about":[{"href":"https:\/\/www.letsmedi.com\/de\/wp-json\/wp\/v2\/types\/page"}],"author":[{"embeddable":true,"href":"https:\/\/www.letsmedi.com\/de\/wp-json\/wp\/v2\/users\/147"}],"replies":[{"embeddable":true,"href":"https:\/\/www.letsmedi.com\/de\/wp-json\/wp\/v2\/comments?post=27615"}],"version-history":[{"count":4,"href":"https:\/\/www.letsmedi.com\/de\/wp-json\/wp\/v2\/pages\/27615\/revisions"}],"predecessor-version":[{"id":28451,"href":"https:\/\/www.letsmedi.com\/de\/wp-json\/wp\/v2\/pages\/27615\/revisions\/28451"}],"wp:attachment":[{"href":"https:\/\/www.letsmedi.com\/de\/wp-json\/wp\/v2\/media?parent=27615"}],"curies":[{"name":"wp","href":"https:\/\/api.w.org\/{rel}","templated":true}]}}