

{"id":27635,"date":"2022-08-17T15:30:16","date_gmt":"2022-08-17T12:30:16","guid":{"rendered":"https:\/\/www.letsmedi.com\/?page_id=27635"},"modified":"2022-08-17T15:30:18","modified_gmt":"2022-08-17T12:30:18","slug":"dt-seher-yavaslar","status":"publish","type":"page","link":"https:\/\/www.letsmedi.com\/de\/dt-seher-yavaslar\/","title":{"rendered":"Dt. Seher Yava\u015flar"},"content":{"rendered":"\t\t<div data-elementor-type=\"wp-page\" data-elementor-id=\"27635\" class=\"elementor elementor-27635\">\n\t\t\t\t\t\t<section class=\"elementor-section elementor-top-section elementor-element elementor-element-8a18a78 elementor-section-boxed elementor-section-height-default elementor-section-height-default\" data-id=\"8a18a78\" data-element_type=\"section\">\n\t\t\t\t\t\t<div class=\"elementor-container elementor-column-gap-default\">\n\t\t\t\t\t<div class=\"elementor-column elementor-col-66 elementor-top-column elementor-element elementor-element-0f3d809\" data-id=\"0f3d809\" data-element_type=\"column\">\n\t\t\t<div class=\"elementor-widget-wrap elementor-element-populated\">\n\t\t\t\t\t\t<div class=\"elementor-element elementor-element-bf4a2f2 elementor-widget elementor-widget-spacer\" data-id=\"bf4a2f2\" data-element_type=\"widget\" data-widget_type=\"spacer.default\">\n\t\t\t\t<div class=\"elementor-widget-container\">\n\t\t\t\t\t<div class=\"elementor-spacer\">\n\t\t\t<div class=\"elementor-spacer-inner\"><\/div>\n\t\t<\/div>\n\t\t\t\t<\/div>\n\t\t\t\t<\/div>\n\t\t\t\t<div class=\"elementor-element elementor-element-a60dd71 elementor-widget elementor-widget-heading\" data-id=\"a60dd71\" data-element_type=\"widget\" data-widget_type=\"heading.default\">\n\t\t\t\t<div class=\"elementor-widget-container\">\n\t\t\t<h3 class=\"elementor-heading-title elementor-size-default\">Zahnarzt\n<\/h3>\t\t<\/div>\n\t\t\t\t<\/div>\n\t\t\t\t<div class=\"elementor-element elementor-element-df30c2b elementor-widget-divider--view-line elementor-widget elementor-widget-divider\" data-id=\"df30c2b\" data-element_type=\"widget\" data-widget_type=\"divider.default\">\n\t\t\t\t<div class=\"elementor-widget-container\">\n\t\t\t\t\t<div class=\"elementor-divider\">\n\t\t\t<span class=\"elementor-divider-separator\">\n\t\t\t\t\t\t<\/span>\n\t\t<\/div>\n\t\t\t\t<\/div>\n\t\t\t\t<\/div>\n\t\t\t\t<div class=\"elementor-element elementor-element-9335f1a elementor-widget elementor-widget-button\" data-id=\"9335f1a\" data-element_type=\"widget\" data-widget_type=\"button.default\">\n\t\t\t\t<div class=\"elementor-widget-container\">\n\t\t\t\t\t<div class=\"elementor-button-wrapper\">\n\t\t\t<a class=\"elementor-button elementor-size-sm\" role=\"button\">\n\t\t\t\t\t\t<span class=\"elementor-button-content-wrapper\">\n\t\t\t\t\t\t<span class=\"elementor-button-text\">Wissenschaftliche Ver\u00f6ffentlichungen<\/span>\n\t\t<\/span>\n\t\t\t\t\t<\/a>\n\t\t<\/div>\n\t\t\t\t<\/div>\n\t\t\t\t<\/div>\n\t\t\t\t\t<\/div>\n\t\t<\/div>\n\t\t\t\t<div class=\"elementor-column elementor-col-33 elementor-top-column elementor-element elementor-element-d243c2a\" data-id=\"d243c2a\" data-element_type=\"column\">\n\t\t\t<div class=\"elementor-widget-wrap elementor-element-populated\">\n\t\t\t\t\t\t<div class=\"elementor-element elementor-element-bf3b0d5 elementor-widget elementor-widget-image\" data-id=\"bf3b0d5\" data-element_type=\"widget\" data-widget_type=\"image.default\">\n\t\t\t\t<div class=\"elementor-widget-container\">\n\t\t\t\t\t\t\t\t\t\t\t\t\t<img fetchpriority=\"high\" width=\"450\" height=\"300\" src=\"https:\/\/www.letsmedi.com\/wp-content\/uploads\/2022\/07\/hekimler-450x300-3-1.jpg\" class=\"attachment-full size-full wp-image-27638\" alt=\"\" srcset=\"https:\/\/www.letsmedi.com\/wp-content\/uploads\/2022\/07\/hekimler-450x300-3-1.jpg 450w, https:\/\/www.letsmedi.com\/wp-content\/uploads\/2022\/07\/hekimler-450x300-3-1-300x200.jpg 300w\" sizes=\"(max-width: 450px) 100vw, 450px\" \/>\t\t\t\t\t\t\t\t\t\t\t\t\t<\/div>\n\t\t\t\t<\/div>\n\t\t\t\t\t<\/div>\n\t\t<\/div>\n\t\t\t\t\t<\/div>\n\t\t<\/section>\n\t\t\t\t<section class=\"elementor-section elementor-top-section elementor-element elementor-element-a215cd7 elementor-section-boxed elementor-section-height-default elementor-section-height-default\" data-id=\"a215cd7\" data-element_type=\"section\">\n\t\t\t\t\t\t<div class=\"elementor-container elementor-column-gap-default\">\n\t\t\t\t\t<div class=\"elementor-column elementor-col-66 elementor-top-column elementor-element elementor-element-42004a0\" data-id=\"42004a0\" data-element_type=\"column\">\n\t\t\t<div class=\"elementor-widget-wrap elementor-element-populated\">\n\t\t\t\t\t\t<div class=\"elementor-element elementor-element-7923dcc elementor-widget elementor-widget-heading\" data-id=\"7923dcc\" data-element_type=\"widget\" data-widget_type=\"heading.default\">\n\t\t\t\t<div class=\"elementor-widget-container\">\n\t\t\t<h6 class=\"elementor-heading-title elementor-size-default\">\u00dcber sie\n<\/h6>\t\t<\/div>\n\t\t\t\t<\/div>\n\t\t\t\t<div class=\"elementor-element elementor-element-122906d elementor-widget elementor-widget-text-editor\" data-id=\"122906d\" data-element_type=\"widget\" data-widget_type=\"text-editor.default\">\n\t\t\t\t<div class=\"elementor-widget-container\">\n\t\t\t\t\t\t\t<div><p>Die Zahn\u00e4rztin Seher Yava\u015flar wurde 1967 in Ayd\u0131n geboren. 1990 schloss sie ihr Studium der Zahnmedizin an der Dicle University ab. Sie begann 1990, Patienten in ihrer eigenen Privatklinik in Ayd\u0131n zu behandeln. Sie nahm auch aktiv an Workshops und Kursen zu innovativen Methoden in ihrer Branche teil. 1992 er\u00f6ffnete sie eine Privatklinik in Denizli und bildete sich dort weiter.<\/p><p>Neben \u00e4sthetischer Zahnheilkunde studierte sie Prothetik, Parodontologie, P\u00e4dodontie und Endodontie. Im Rahmen ihres Projekts zur sozialen Verantwortung k\u00fcmmerte sie sich um blinde, geh\u00f6rlose und verwaiste Patienten in Denizli. Im Rahmen des Projekts zur sozialen Verantwortung, um sicherzustellen, dass Frauen und Kinder eine qualitativ hochwertige Bildung erhalten und in die Gesellschaft integriert werden, nahm sie erneut an Schulungen und Seminaren in den Niederlanden teil.<\/p><p>W\u00e4hrend ihrer beruflichen Laufbahn besuchte sie Schulungen und Seminare in zahlreichen zahn\u00e4rztlichen Praxisbereichen in verschiedenen europ\u00e4ischen St\u00e4dten. Sie begann, ausl\u00e4ndische Patienten in ihrer Privatklinik in Denizli zu sehen, indem sie die Kontakte nutzte, die sie w\u00e4hrend dieser Schulungen gekn\u00fcpft hatte.<\/p><p>Im Laufe ihrer drei\u00dfigj\u00e4hrigen Berufst\u00e4tigkeit hat sie unz\u00e4hlige Anwendungen f\u00fcr das Smile-Design entwickelt. Dr. He nimmt ab sofort noch neue Patienten an der HE-Klinik auf.<\/p><\/div>\t\t\t\t\t\t<\/div>\n\t\t\t\t<\/div>\n\t\t\t\t<div class=\"elementor-element elementor-element-bb8fe16 elementor-widget elementor-widget-heading\" data-id=\"bb8fe16\" data-element_type=\"widget\" data-widget_type=\"heading.default\">\n\t\t\t\t<div class=\"elementor-widget-container\">\n\t\t\t<h6 class=\"elementor-heading-title elementor-size-default\">Kurse und Zertifikate\n<\/h6>\t\t<\/div>\n\t\t\t\t<\/div>\n\t\t\t\t<div class=\"elementor-element elementor-element-bcc7bd4 elementor-widget elementor-widget-text-editor\" data-id=\"bcc7bd4\" data-element_type=\"widget\" data-widget_type=\"text-editor.default\">\n\t\t\t\t<div class=\"elementor-widget-container\">\n\t\t\t\t\t\t\t<div><p><span style=\"font-weight: 400;\"><span style=\"color: #33cccc;\">\u2605 <\/span><\/span>TDA-Digitale Intraoralscanner<\/p><p><span style=\"font-weight: 400;\"><span style=\"color: #33cccc;\">\u2605 <\/span><\/span>Angewandter grundlegender Lebenserhaltungskurs 2001<\/p><p><span style=\"font-weight: 400;\"><span style=\"color: #33cccc;\">\u2605 <\/span><\/span>TDB Thermodental Symposium 2007<\/p><p><span style=\"font-weight: 400;\"><span style=\"color: #33cccc;\">\u2605 <\/span><\/span>TDB Praktischer Endodontie-Kurs 2007<\/p><p><span style=\"font-weight: 400;\"><span style=\"color: #33cccc;\">\u2605 <\/span><\/span>TDB Thermodental Symposium 2008<\/p><p><span style=\"font-weight: 400;\"><span style=\"color: #33cccc;\">\u2605 <\/span><\/span>TDB 16. Internationaler Kongress f\u00fcr Zahnmedizin 2009<\/p><p><span style=\"font-weight: 400;\"><span style=\"color: #33cccc;\">\u2605 <\/span><\/span>TDB 7. Thermodental Symposium 2010<\/p><p><span style=\"font-weight: 400;\"><span style=\"color: #33cccc;\">\u2605 <\/span><\/span>TDB Trainer Zahnarzt Zertifikat 2010<\/p><p><span style=\"font-weight: 400;\"><span style=\"color: #33cccc;\">\u2605 <\/span><\/span>TDB 8. Thermodental Symposium 2011<\/p><p><span style=\"font-weight: 400;\"><span style=\"color: #33cccc;\">\u2605 <\/span><\/span>TDB 18. Internationaler Zahn\u00e4rztekongress 2011<\/p><p><span style=\"font-weight: 400;\"><span style=\"color: #33cccc;\">\u2605 <\/span><\/span>TDB Zahn\u00e4rztliches Fortbildungszertifikat 2011<\/p><p><span style=\"font-weight: 400;\"><span style=\"color: #33cccc;\">\u2605 <\/span><\/span>TDB 9. Thermodental Symposium 2012<\/p><p><span style=\"font-weight: 400;\"><span style=\"color: #33cccc;\">\u2605 <\/span><\/span>Professioneller Zahnaufhellungskurs der Ultradent Universit\u00e4t 2012<\/p><p><span style=\"font-weight: 400;\"><span style=\"color: #33cccc;\">\u2605 <\/span><\/span>14. Internationaler wissenschaftlicher Kongress und Ausstellung<\/p><\/div>\t\t\t\t\t\t<\/div>\n\t\t\t\t<\/div>\n\t\t\t\t<div class=\"elementor-element elementor-element-2dd2fed elementor-widget elementor-widget-heading\" data-id=\"2dd2fed\" data-element_type=\"widget\" data-widget_type=\"heading.default\">\n\t\t\t\t<div class=\"elementor-widget-container\">\n\t\t\t<h6 class=\"elementor-heading-title elementor-size-default\">Professionelle Mitgliedschaft\n<\/h6>\t\t<\/div>\n\t\t\t\t<\/div>\n\t\t\t\t<div class=\"elementor-element elementor-element-e2776aa elementor-widget elementor-widget-text-editor\" data-id=\"e2776aa\" data-element_type=\"widget\" data-widget_type=\"text-editor.default\">\n\t\t\t\t<div class=\"elementor-widget-container\">\n\t\t\t\t\t\t\t<p><span style=\"font-weight: 400;\"><span style=\"color: #33cccc;\">\u2605 <\/span>Zahn\u00e4rztekammer der T\u00fcrkei<br \/><\/span><\/p>\t\t\t\t\t\t<\/div>\n\t\t\t\t<\/div>\n\t\t\t\t\t<\/div>\n\t\t<\/div>\n\t\t\t\t<div class=\"elementor-column elementor-col-33 elementor-top-column elementor-element elementor-element-f0d74e2\" data-id=\"f0d74e2\" data-element_type=\"column\">\n\t\t\t<div class=\"elementor-widget-wrap elementor-element-populated\">\n\t\t\t\t\t\t<div class=\"elementor-element elementor-element-3a38134 elementor-widget elementor-widget-image\" data-id=\"3a38134\" data-element_type=\"widget\" data-widget_type=\"image.default\">\n\t\t\t\t<div class=\"elementor-widget-container\">\n\t\t\t\t\t\t\t\t\t\t\t\t\t<img width=\"448\" height=\"130\" src=\"https:\/\/www.letsmedi.com\/wp-content\/uploads\/2022\/07\/Drhe-Sablon.png\" class=\"attachment-large size-large wp-image-27267\" alt=\"\" srcset=\"https:\/\/www.letsmedi.com\/wp-content\/uploads\/2022\/07\/Drhe-Sablon.png 448w, https:\/\/www.letsmedi.com\/wp-content\/uploads\/2022\/07\/Drhe-Sablon-300x87.png 300w\" sizes=\"(max-width: 448px) 100vw, 448px\" \/>\t\t\t\t\t\t\t\t\t\t\t\t\t<\/div>\n\t\t\t\t<\/div>\n\t\t\t\t<div class=\"elementor-element elementor-element-194f6e6 elementor-widget elementor-widget-icon-box\" data-id=\"194f6e6\" data-element_type=\"widget\" data-widget_type=\"icon-box.default\">\n\t\t\t\t<div class=\"elementor-widget-container\">\n\t\t\t\t\t<div class=\"elementor-icon-box-wrapper\">\n\t\t\t\t\t\t<div class=\"elementor-icon-box-content\">\n\t\t\t\t<h3 class=\"elementor-icon-box-title\">\n\t\t\t\t\t<span  >\n\t\t\t\t\t\tBeruf\t\t\t\t\t<\/span>\n\t\t\t\t<\/h3>\n\t\t\t\t\t\t\t\t\t<p class=\"elementor-icon-box-description\">\n\t\t\t\t\t\tZahnarzt\n\t\t\t\t\t<\/p>\n\t\t\t\t\t\t\t<\/div>\n\t\t<\/div>\n\t\t\t\t<\/div>\n\t\t\t\t<\/div>\n\t\t\t\t<div class=\"elementor-element elementor-element-0c00c36 elementor-widget elementor-widget-icon-box\" data-id=\"0c00c36\" data-element_type=\"widget\" data-widget_type=\"icon-box.default\">\n\t\t\t\t<div class=\"elementor-widget-container\">\n\t\t\t\t\t<div class=\"elementor-icon-box-wrapper\">\n\t\t\t\t\t\t<div class=\"elementor-icon-box-content\">\n\t\t\t\t<h3 class=\"elementor-icon-box-title\">\n\t\t\t\t\t<span  >\n\t\t\t\t\t\tSprachen\t\t\t\t\t<\/span>\n\t\t\t\t<\/h3>\n\t\t\t\t\t\t\t\t\t<p class=\"elementor-icon-box-description\">\n\t\t\t\t\t\tEnglisch, T\u00fcrkisch\n\t\t\t\t\t<\/p>\n\t\t\t\t\t\t\t<\/div>\n\t\t<\/div>\n\t\t\t\t<\/div>\n\t\t\t\t<\/div>\n\t\t\t\t\t<\/div>\n\t\t<\/div>\n\t\t\t\t\t<\/div>\n\t\t<\/section>\n\t\t\t\t<\/div>\n\t\t","protected":false},"excerpt":{"rendered":"<p>Zahnarzt Wissenschaftliche Ver\u00f6ffentlichungen \u00dcber sie Die Zahn\u00e4rztin Seher Yava\u015flar wurde 1967 in Ayd\u0131n geboren. 1990 schloss sie ihr Studium der Zahnmedizin an der Dicle University ab. Sie begann 1990, Patienten in ihrer eigenen Privatklinik in Ayd\u0131n zu behandeln. Sie nahm auch aktiv an Workshops und Kursen zu innovativen Methoden in ihrer Branche teil. 1992 er\u00f6ffnete [&hellip;]<\/p>\n","protected":false},"author":147,"featured_media":0,"parent":0,"menu_order":0,"comment_status":"open","ping_status":"closed","template":"","meta":{"inline_featured_image":false},"_links":{"self":[{"href":"https:\/\/www.letsmedi.com\/de\/wp-json\/wp\/v2\/pages\/27635"}],"collection":[{"href":"https:\/\/www.letsmedi.com\/de\/wp-json\/wp\/v2\/pages"}],"about":[{"href":"https:\/\/www.letsmedi.com\/de\/wp-json\/wp\/v2\/types\/page"}],"author":[{"embeddable":true,"href":"https:\/\/www.letsmedi.com\/de\/wp-json\/wp\/v2\/users\/147"}],"replies":[{"embeddable":true,"href":"https:\/\/www.letsmedi.com\/de\/wp-json\/wp\/v2\/comments?post=27635"}],"version-history":[{"count":4,"href":"https:\/\/www.letsmedi.com\/de\/wp-json\/wp\/v2\/pages\/27635\/revisions"}],"predecessor-version":[{"id":28605,"href":"https:\/\/www.letsmedi.com\/de\/wp-json\/wp\/v2\/pages\/27635\/revisions\/28605"}],"wp:attachment":[{"href":"https:\/\/www.letsmedi.com\/de\/wp-json\/wp\/v2\/media?parent=27635"}],"curies":[{"name":"wp","href":"https:\/\/api.w.org\/{rel}","templated":true}]}}