

{"id":27684,"date":"2022-08-17T15:32:34","date_gmt":"2022-08-17T12:32:34","guid":{"rendered":"https:\/\/www.letsmedi.com\/?page_id=27684"},"modified":"2022-08-17T15:32:36","modified_gmt":"2022-08-17T12:32:36","slug":"op-dr-serife-erdem","status":"publish","type":"page","link":"https:\/\/www.letsmedi.com\/de\/op-dr-serife-erdem\/","title":{"rendered":"Op. Dr. \u015eerife Erdem"},"content":{"rendered":"\t\t<div data-elementor-type=\"wp-page\" data-elementor-id=\"27684\" class=\"elementor elementor-27684 elementor-27683\">\n\t\t\t\t\t\t<section class=\"elementor-section elementor-top-section elementor-element elementor-element-8a18a78 elementor-section-boxed elementor-section-height-default elementor-section-height-default\" data-id=\"8a18a78\" data-element_type=\"section\">\n\t\t\t\t\t\t<div class=\"elementor-container elementor-column-gap-default\">\n\t\t\t\t\t<div class=\"elementor-column elementor-col-66 elementor-top-column elementor-element elementor-element-0f3d809\" data-id=\"0f3d809\" data-element_type=\"column\">\n\t\t\t<div class=\"elementor-widget-wrap elementor-element-populated\">\n\t\t\t\t\t\t<div class=\"elementor-element elementor-element-bf4a2f2 elementor-widget elementor-widget-spacer\" data-id=\"bf4a2f2\" data-element_type=\"widget\" data-widget_type=\"spacer.default\">\n\t\t\t\t<div class=\"elementor-widget-container\">\n\t\t\t\t\t<div class=\"elementor-spacer\">\n\t\t\t<div class=\"elementor-spacer-inner\"><\/div>\n\t\t<\/div>\n\t\t\t\t<\/div>\n\t\t\t\t<\/div>\n\t\t\t\t<div class=\"elementor-element elementor-element-a60dd71 elementor-widget elementor-widget-heading\" data-id=\"a60dd71\" data-element_type=\"widget\" data-widget_type=\"heading.default\">\n\t\t\t\t<div class=\"elementor-widget-container\">\n\t\t\t<h3 class=\"elementor-heading-title elementor-size-default\">Facharzt f\u00fcr Gyn\u00e4kologie und Geburtshilfe\n<\/h3>\t\t<\/div>\n\t\t\t\t<\/div>\n\t\t\t\t<div class=\"elementor-element elementor-element-df30c2b elementor-widget-divider--view-line elementor-widget elementor-widget-divider\" data-id=\"df30c2b\" data-element_type=\"widget\" data-widget_type=\"divider.default\">\n\t\t\t\t<div class=\"elementor-widget-container\">\n\t\t\t\t\t<div class=\"elementor-divider\">\n\t\t\t<span class=\"elementor-divider-separator\">\n\t\t\t\t\t\t<\/span>\n\t\t<\/div>\n\t\t\t\t<\/div>\n\t\t\t\t<\/div>\n\t\t\t\t<div class=\"elementor-element elementor-element-9335f1a elementor-widget elementor-widget-button\" data-id=\"9335f1a\" data-element_type=\"widget\" data-widget_type=\"button.default\">\n\t\t\t\t<div class=\"elementor-widget-container\">\n\t\t\t\t\t<div class=\"elementor-button-wrapper\">\n\t\t\t<a class=\"elementor-button elementor-size-sm\" role=\"button\">\n\t\t\t\t\t\t<span class=\"elementor-button-content-wrapper\">\n\t\t\t\t\t\t<span class=\"elementor-button-text\">Wissenschaftliche Ver\u00f6ffentlichungen<\/span>\n\t\t<\/span>\n\t\t\t\t\t<\/a>\n\t\t<\/div>\n\t\t\t\t<\/div>\n\t\t\t\t<\/div>\n\t\t\t\t\t<\/div>\n\t\t<\/div>\n\t\t\t\t<div class=\"elementor-column elementor-col-33 elementor-top-column elementor-element elementor-element-d243c2a\" data-id=\"d243c2a\" data-element_type=\"column\">\n\t\t\t<div class=\"elementor-widget-wrap elementor-element-populated\">\n\t\t\t\t\t\t<div class=\"elementor-element elementor-element-bf3b0d5 elementor-widget elementor-widget-image\" data-id=\"bf3b0d5\" data-element_type=\"widget\" data-widget_type=\"image.default\">\n\t\t\t\t<div class=\"elementor-widget-container\">\n\t\t\t\t\t\t\t\t\t\t\t\t\t<img fetchpriority=\"high\" width=\"450\" height=\"300\" src=\"https:\/\/www.letsmedi.com\/wp-content\/uploads\/2022\/07\/hekimler-450x300-9.jpg\" class=\"attachment-full size-full wp-image-27687\" alt=\"\" srcset=\"https:\/\/www.letsmedi.com\/wp-content\/uploads\/2022\/07\/hekimler-450x300-9.jpg 450w, https:\/\/www.letsmedi.com\/wp-content\/uploads\/2022\/07\/hekimler-450x300-9-300x200.jpg 300w\" sizes=\"(max-width: 450px) 100vw, 450px\" \/>\t\t\t\t\t\t\t\t\t\t\t\t\t<\/div>\n\t\t\t\t<\/div>\n\t\t\t\t\t<\/div>\n\t\t<\/div>\n\t\t\t\t\t<\/div>\n\t\t<\/section>\n\t\t\t\t<section class=\"elementor-section elementor-top-section elementor-element elementor-element-a215cd7 elementor-section-boxed elementor-section-height-default elementor-section-height-default\" data-id=\"a215cd7\" data-element_type=\"section\">\n\t\t\t\t\t\t<div class=\"elementor-container elementor-column-gap-default\">\n\t\t\t\t\t<div class=\"elementor-column elementor-col-66 elementor-top-column elementor-element elementor-element-42004a0\" data-id=\"42004a0\" data-element_type=\"column\">\n\t\t\t<div class=\"elementor-widget-wrap elementor-element-populated\">\n\t\t\t\t\t\t<div class=\"elementor-element elementor-element-7923dcc elementor-widget elementor-widget-heading\" data-id=\"7923dcc\" data-element_type=\"widget\" data-widget_type=\"heading.default\">\n\t\t\t\t<div class=\"elementor-widget-container\">\n\t\t\t<h6 class=\"elementor-heading-title elementor-size-default\">Interessengebiete\n<\/h6>\t\t<\/div>\n\t\t\t\t<\/div>\n\t\t\t\t<div class=\"elementor-element elementor-element-122906d elementor-widget elementor-widget-text-editor\" data-id=\"122906d\" data-element_type=\"widget\" data-widget_type=\"text-editor.default\">\n\t\t\t\t<div class=\"elementor-widget-container\">\n\t\t\t\t\t\t\t<div><p><span style=\"color: #33cccc;\">\u2605<\/span> Genital\u00e4sthetische Anwendungen<\/p><p><span style=\"color: #33cccc;\">\u2605<\/span> Vaginale Straffung (Vaginaplastiek)<\/p><p><span style=\"color: #33cccc;\">\u2605<\/span> Innenlippen\u00e4sthetik (Labiaplastiek)<\/p><p><span style=\"color: #33cccc;\">\u2605<\/span> \u00c4u\u00dfere Lippen\u00e4sthetik (Labiomajoraplastik)<\/p><p><span style=\"color: #33cccc;\">\u2605<\/span> Vergr\u00f6\u00dferung der Au\u00dfenlippe<\/p><p><span style=\"color: #33cccc;\">\u2605<\/span> Genitalbereich und Achselh\u00f6hle Aufhellungsprozess<\/p><p><span style=\"color: #33cccc;\">\u2605<\/span> Laseranwendungen im Intimbereich (Vaginalstraffung, Laser-Harninkontinenzbehandlung, Bleaching, Scheidentrockenheitsbehandlung, Laser-Vaginalgeweberegeneration bei rezidivierenden Vaginalinfektionen)<\/p><p><span style=\"color: #33cccc;\">\u2605<\/span> Reparatur von geburtsbedingten Rissen oder schlecht verheilten Geburtsn\u00e4hten)<\/p><p><span style=\"color: #33cccc;\">\u2605<\/span> Monsplastik (Abschmelzen der Schwellung durch \u00fcbersch\u00fcssiges Fettgewebe im Genitalbereich)<\/p><p><span style=\"color: #33cccc;\">\u2605<\/span> Vaginismus-Behandlung<\/p><p><span style=\"color: #33cccc;\">\u2605<\/span> Sexuelle Zur\u00fcckhaltung und Orgasmus St\u00f6rungen bei Frauen<\/p><p><span style=\"color: #33cccc;\">\u2605<\/span> Behandlung der Harninkontinenz bei Frauen<\/p><p><span style=\"color: #33cccc;\">\u2605<\/span> Menstruationsunregelm\u00e4\u00dfigkeiten<\/p><p><span style=\"color: #33cccc;\">\u2605<\/span> Behandlung von Wechseljahresbeschwerden<\/p><p><span style=\"color: #33cccc;\">\u2605<\/span> Behandlung von Infektionen des Genitaltrakts<\/p><p><span style=\"color: #33cccc;\">\u2605<\/span> Mesotherapie, F\u00fcllung, Botulinumtoxin-Anwendungen<\/p><p><span style=\"color: #33cccc;\">\u2605<\/span> Alle Verh\u00fctungsmethoden (einschlie\u00dflich Gynefix-Spirale, Intra-Arm-Implantat (Nexplanon), Goldspirale, Hormonspirale)<\/p><p><span style=\"color: #33cccc;\">\u2605<\/span> Mikrochip-Impfung in der Unfruchtbarkeitsbehandlung<\/p><\/div>\t\t\t\t\t\t<\/div>\n\t\t\t\t<\/div>\n\t\t\t\t<div class=\"elementor-element elementor-element-bb8fe16 elementor-widget elementor-widget-heading\" data-id=\"bb8fe16\" data-element_type=\"widget\" data-widget_type=\"heading.default\">\n\t\t\t\t<div class=\"elementor-widget-container\">\n\t\t\t<h6 class=\"elementor-heading-title elementor-size-default\">Bildung und Expertise<\/h6>\t\t<\/div>\n\t\t\t\t<\/div>\n\t\t\t\t<div class=\"elementor-element elementor-element-bcc7bd4 elementor-widget elementor-widget-text-editor\" data-id=\"bcc7bd4\" data-element_type=\"widget\" data-widget_type=\"text-editor.default\">\n\t\t\t\t<div class=\"elementor-widget-container\">\n\t\t\t\t\t\t\t<div><p><span style=\"color: #33cccc;\">\u2605<\/span> Medizinische Fakult\u00e4t Istanbul<\/p><p><span style=\"color: #33cccc;\">\u2605<\/span> Zeynep Kamil Ausbildungs- und Forschungskrankenhaus<\/p><p><span style=\"color: #33cccc;\">\u2605<\/span> Staatliches Elbistan-Krankenhaus<\/p><p><span style=\"color: #33cccc;\">\u2605<\/span> Adana Entbindungsheim<\/p><p><span style=\"color: #33cccc;\">\u2605<\/span> Chirurgie<\/p><\/div>\t\t\t\t\t\t<\/div>\n\t\t\t\t<\/div>\n\t\t\t\t\t<\/div>\n\t\t<\/div>\n\t\t\t\t<div class=\"elementor-column elementor-col-33 elementor-top-column elementor-element elementor-element-f0d74e2\" data-id=\"f0d74e2\" data-element_type=\"column\">\n\t\t\t<div class=\"elementor-widget-wrap elementor-element-populated\">\n\t\t\t\t\t\t<div class=\"elementor-element elementor-element-3a38134 elementor-widget elementor-widget-image\" data-id=\"3a38134\" data-element_type=\"widget\" data-widget_type=\"image.default\">\n\t\t\t\t<div class=\"elementor-widget-container\">\n\t\t\t\t\t\t\t\t\t\t\t\t\t<img width=\"448\" height=\"130\" src=\"https:\/\/www.letsmedi.com\/wp-content\/uploads\/2022\/07\/Drhe-Sablon.png\" class=\"attachment-large size-large wp-image-27267\" alt=\"\" srcset=\"https:\/\/www.letsmedi.com\/wp-content\/uploads\/2022\/07\/Drhe-Sablon.png 448w, https:\/\/www.letsmedi.com\/wp-content\/uploads\/2022\/07\/Drhe-Sablon-300x87.png 300w\" sizes=\"(max-width: 448px) 100vw, 448px\" \/>\t\t\t\t\t\t\t\t\t\t\t\t\t<\/div>\n\t\t\t\t<\/div>\n\t\t\t\t<div class=\"elementor-element elementor-element-194f6e6 elementor-widget elementor-widget-icon-box\" data-id=\"194f6e6\" data-element_type=\"widget\" data-widget_type=\"icon-box.default\">\n\t\t\t\t<div class=\"elementor-widget-container\">\n\t\t\t\t\t<div class=\"elementor-icon-box-wrapper\">\n\t\t\t\t\t\t<div class=\"elementor-icon-box-content\">\n\t\t\t\t<h3 class=\"elementor-icon-box-title\">\n\t\t\t\t\t<span  >\n\t\t\t\t\t\tBeruf\t\t\t\t\t<\/span>\n\t\t\t\t<\/h3>\n\t\t\t\t\t\t\t\t\t<p class=\"elementor-icon-box-description\">\n\t\t\t\t\t\tFacharzt f\u00fcr Gyn\u00e4kologie und Geburtshilfe\t\t\t\t\t<\/p>\n\t\t\t\t\t\t\t<\/div>\n\t\t<\/div>\n\t\t\t\t<\/div>\n\t\t\t\t<\/div>\n\t\t\t\t<div class=\"elementor-element elementor-element-0c00c36 elementor-widget elementor-widget-icon-box\" data-id=\"0c00c36\" data-element_type=\"widget\" data-widget_type=\"icon-box.default\">\n\t\t\t\t<div class=\"elementor-widget-container\">\n\t\t\t\t\t<div class=\"elementor-icon-box-wrapper\">\n\t\t\t\t\t\t<div class=\"elementor-icon-box-content\">\n\t\t\t\t<h3 class=\"elementor-icon-box-title\">\n\t\t\t\t\t<span  >\n\t\t\t\t\t\tSprachen\t\t\t\t\t<\/span>\n\t\t\t\t<\/h3>\n\t\t\t\t\t\t\t\t\t<p class=\"elementor-icon-box-description\">\n\t\t\t\t\t\tEnglisch, T\u00fcrkisch\n\t\t\t\t\t<\/p>\n\t\t\t\t\t\t\t<\/div>\n\t\t<\/div>\n\t\t\t\t<\/div>\n\t\t\t\t<\/div>\n\t\t\t\t\t<\/div>\n\t\t<\/div>\n\t\t\t\t\t<\/div>\n\t\t<\/section>\n\t\t\t\t<\/div>\n\t\t","protected":false},"excerpt":{"rendered":"<p>Facharzt f\u00fcr Gyn\u00e4kologie und Geburtshilfe Wissenschaftliche Ver\u00f6ffentlichungen Interessengebiete \u2605 Genital\u00e4sthetische Anwendungen \u2605 Vaginale Straffung (Vaginaplastiek) \u2605 Innenlippen\u00e4sthetik (Labiaplastiek) \u2605 \u00c4u\u00dfere Lippen\u00e4sthetik (Labiomajoraplastik) \u2605 Vergr\u00f6\u00dferung der Au\u00dfenlippe \u2605 Genitalbereich und Achselh\u00f6hle Aufhellungsprozess \u2605 Laseranwendungen im Intimbereich (Vaginalstraffung, Laser-Harninkontinenzbehandlung, Bleaching, Scheidentrockenheitsbehandlung, Laser-Vaginalgeweberegeneration bei rezidivierenden Vaginalinfektionen) \u2605 Reparatur von geburtsbedingten Rissen oder schlecht verheilten Geburtsn\u00e4hten) \u2605 Monsplastik (Abschmelzen [&hellip;]<\/p>\n","protected":false},"author":147,"featured_media":0,"parent":0,"menu_order":0,"comment_status":"open","ping_status":"closed","template":"","meta":{"inline_featured_image":false},"_links":{"self":[{"href":"https:\/\/www.letsmedi.com\/de\/wp-json\/wp\/v2\/pages\/27684"}],"collection":[{"href":"https:\/\/www.letsmedi.com\/de\/wp-json\/wp\/v2\/pages"}],"about":[{"href":"https:\/\/www.letsmedi.com\/de\/wp-json\/wp\/v2\/types\/page"}],"author":[{"embeddable":true,"href":"https:\/\/www.letsmedi.com\/de\/wp-json\/wp\/v2\/users\/147"}],"replies":[{"embeddable":true,"href":"https:\/\/www.letsmedi.com\/de\/wp-json\/wp\/v2\/comments?post=27684"}],"version-history":[{"count":4,"href":"https:\/\/www.letsmedi.com\/de\/wp-json\/wp\/v2\/pages\/27684\/revisions"}],"predecessor-version":[{"id":28608,"href":"https:\/\/www.letsmedi.com\/de\/wp-json\/wp\/v2\/pages\/27684\/revisions\/28608"}],"wp:attachment":[{"href":"https:\/\/www.letsmedi.com\/de\/wp-json\/wp\/v2\/media?parent=27684"}],"curies":[{"name":"wp","href":"https:\/\/api.w.org\/{rel}","templated":true}]}}