

{"id":48849,"date":"2024-06-27T12:40:27","date_gmt":"2024-06-27T09:40:27","guid":{"rendered":"https:\/\/www.letsmedi.com\/?page_id=48849"},"modified":"2024-06-27T12:40:27","modified_gmt":"2024-06-27T09:40:27","slug":"vorher-und-nachher","status":"publish","type":"page","link":"https:\/\/www.letsmedi.com\/de\/vorher-und-nachher\/","title":{"rendered":"Vorher und nachher"},"content":{"rendered":"<div data-elementor-type=\"wp-post\" data-elementor-id=\"48803\" class=\"elementor elementor-48803 elementor-46492\">\n\t\t\t\t\t\t<section class=\"elementor-section elementor-top-section elementor-element elementor-element-07e1b23 elementor-section-boxed elementor-section-height-default elementor-section-height-default\" data-id=\"07e1b23\" data-element_type=\"section\">\n\t\t\t\t\t\t<div class=\"elementor-container elementor-column-gap-default\">\n\t\t\t\t\t<div class=\"elementor-column elementor-col-100 elementor-top-column elementor-element elementor-element-04c392f\" data-id=\"04c392f\" data-element_type=\"column\">\n\t\t\t<div class=\"elementor-widget-wrap elementor-element-populated\">\n\t\t\t\t\t\t<div class=\"elementor-element elementor-element-bd696a7 elementor-widget elementor-widget-text-editor\" data-id=\"bd696a7\" data-element_type=\"widget\" data-widget_type=\"text-editor.default\">\n\t\t\t\t<div class=\"elementor-widget-container\">\n\t\t\t\t\t\t\t<p>\u00dcberlegen Sie, eine Magenverkleinerung durchf\u00fchren zu lassen, um Ihre Gesundheit wieder in den Griff zu bekommen und Ihr Leben zu ver\u00e4ndern? Es ist entscheidend, die Vor- und Nachteile dieses Eingriffs zu verstehen, um fundierte Entscheidungen treffen zu k\u00f6nnen. In diesem <\/p><\/div><\/div><\/div><\/div><\/div><\/section><\/div>&hellip;","protected":false},"excerpt":{"rendered":"<div data-elementor-type=\"wp-post\" data-elementor-id=\"48803\" class=\"elementor elementor-48803 elementor-46492\">\n\t\t\t\t\t\t<section class=\"elementor-section elementor-top-section elementor-element elementor-element-07e1b23 elementor-section-boxed elementor-section-height-default elementor-section-height-default\" data-id=\"07e1b23\" data-element_type=\"section\">\n\t\t\t\t\t\t<div class=\"elementor-container elementor-column-gap-default\">\n\t\t\t\t\t<div class=\"elementor-column elementor-col-100 elementor-top-column elementor-element elementor-element-04c392f\" data-id=\"04c392f\" data-element_type=\"column\">\n\t\t\t<div class=\"elementor-widget-wrap elementor-element-populated\">\n\t\t\t\t\t\t<div class=\"elementor-element elementor-element-bd696a7 elementor-widget elementor-widget-text-editor\" data-id=\"bd696a7\" data-element_type=\"widget\" data-widget_type=\"text-editor.default\">\n\t\t\t\t<div class=\"elementor-widget-container\">\n\t\t\t\t\t\t\t<p>\u00dcberlegen Sie, eine Magenverkleinerung durchf\u00fchren zu lassen, um Ihre Gesundheit wieder in den Griff zu bekommen und Ihr Leben zu ver\u00e4ndern? Es ist entscheidend, die Vor- und Nachteile dieses Eingriffs zu verstehen, um fundierte Entscheidungen treffen zu k\u00f6nnen. In diesem <\/p><\/div><\/div><\/div><\/div><\/div><\/section><\/div>&hellip;","protected":false},"author":162,"featured_media":0,"parent":0,"menu_order":0,"comment_status":"closed","ping_status":"closed","template":"","meta":{"inline_featured_image":false},"_links":{"self":[{"href":"https:\/\/www.letsmedi.com\/de\/wp-json\/wp\/v2\/pages\/48849"}],"collection":[{"href":"https:\/\/www.letsmedi.com\/de\/wp-json\/wp\/v2\/pages"}],"about":[{"href":"https:\/\/www.letsmedi.com\/de\/wp-json\/wp\/v2\/types\/page"}],"author":[{"embeddable":true,"href":"https:\/\/www.letsmedi.com\/de\/wp-json\/wp\/v2\/users\/162"}],"replies":[{"embeddable":true,"href":"https:\/\/www.letsmedi.com\/de\/wp-json\/wp\/v2\/comments?post=48849"}],"version-history":[{"count":1,"href":"https:\/\/www.letsmedi.com\/de\/wp-json\/wp\/v2\/pages\/48849\/revisions"}],"predecessor-version":[{"id":48850,"href":"https:\/\/www.letsmedi.com\/de\/wp-json\/wp\/v2\/pages\/48849\/revisions\/48850"}],"wp:attachment":[{"href":"https:\/\/www.letsmedi.com\/de\/wp-json\/wp\/v2\/media?parent=48849"}],"curies":[{"name":"wp","href":"https:\/\/api.w.org\/{rel}","templated":true}]}}